{"id":143,"date":"2024-08-13T09:32:11","date_gmt":"2024-08-13T09:32:11","guid":{"rendered":"https:\/\/expert.edschats.varion.de\/?page_id=143"},"modified":"2024-08-20T15:22:49","modified_gmt":"2024-08-20T15:22:49","slug":"uebersichtsseite-openbox-agrar","status":"publish","type":"page","link":"https:\/\/expert.edschats.varion.de\/?page_id=143","title":{"rendered":"\u00dcbersichtsseite OpenBox Agrar"},"content":{"rendered":"\t\t<div data-elementor-type=\"wp-page\" data-elementor-id=\"143\" class=\"elementor elementor-143\">\n\t\t\t\t<div class=\"elementor-element elementor-element-0d3c8db e-flex e-con-boxed e-con e-parent\" data-id=\"0d3c8db\" data-element_type=\"container\">\n\t\t\t\t\t<div class=\"e-con-inner\">\n\t\t\t\t<div class=\"elementor-element elementor-element-28d4a6e elementor-widget elementor-widget-heading\" data-id=\"28d4a6e\" data-element_type=\"widget\" data-widget_type=\"heading.default\">\n\t\t\t\t<div class=\"elementor-widget-container\">\n\t\t\t<style>\/*! elementor - v3.23.0 - 05-08-2024 *\/\n.elementor-heading-title{padding:0;margin:0;line-height:1}.elementor-widget-heading .elementor-heading-title[class*=elementor-size-]>a{color:inherit;font-size:inherit;line-height:inherit}.elementor-widget-heading .elementor-heading-title.elementor-size-small{font-size:15px}.elementor-widget-heading .elementor-heading-title.elementor-size-medium{font-size:19px}.elementor-widget-heading .elementor-heading-title.elementor-size-large{font-size:29px}.elementor-widget-heading .elementor-heading-title.elementor-size-xl{font-size:39px}.elementor-widget-heading .elementor-heading-title.elementor-size-xxl{font-size:59px}<\/style><h2 class=\"elementor-heading-title elementor-size-default\">Das Ergebnis Ihrer Auswahl:\nPlanenverdecksystem OpenBox Agrar<\/h2>\t\t<\/div>\n\t\t\t\t<\/div>\n\t\t\t\t\t<\/div>\n\t\t\t\t<\/div>\n\t\t<div class=\"elementor-element elementor-element-3d0fdfb e-flex e-con-boxed e-con e-parent\" data-id=\"3d0fdfb\" data-element_type=\"container\">\n\t\t\t\t\t<div class=\"e-con-inner\">\n\t\t\t\t<div class=\"elementor-element elementor-element-0117591 elementor-widget elementor-widget-image\" data-id=\"0117591\" data-element_type=\"widget\" data-widget_type=\"image.default\">\n\t\t\t\t<div class=\"elementor-widget-container\">\n\t\t\t<style>\/*! elementor - v3.23.0 - 05-08-2024 *\/\n.elementor-widget-image{text-align:center}.elementor-widget-image a{display:inline-block}.elementor-widget-image a img[src$=\".svg\"]{width:48px}.elementor-widget-image img{vertical-align:middle;display:inline-block}<\/style>\t\t\t\t\t\t\t\t\t\t<img fetchpriority=\"high\" decoding=\"async\" width=\"900\" height=\"600\" src=\"https:\/\/expert.edschats.varion.de\/wp-content\/uploads\/2024\/08\/Agrar_2.jpg\" class=\"attachment-large size-large wp-image-1013\" alt=\"\" srcset=\"https:\/\/expert.edschats.varion.de\/wp-content\/uploads\/2024\/08\/Agrar_2.jpg 900w, https:\/\/expert.edschats.varion.de\/wp-content\/uploads\/2024\/08\/Agrar_2-300x200.jpg 300w, https:\/\/expert.edschats.varion.de\/wp-content\/uploads\/2024\/08\/Agrar_2-768x512.jpg 768w\" sizes=\"(max-width: 900px) 100vw, 900px\" \/>\t\t\t\t\t\t\t\t\t\t\t\t\t<\/div>\n\t\t\t\t<\/div>\n\t\t\t\t\t<\/div>\n\t\t\t\t<\/div>\n\t\t<div class=\"elementor-element elementor-element-861af2e e-flex e-con-boxed e-con e-parent\" data-id=\"861af2e\" data-element_type=\"container\">\n\t\t\t\t\t<div class=\"e-con-inner\">\n\t\t\t\t<div class=\"elementor-element elementor-element-1bfcb17 elementor-widget elementor-widget-text-editor\" data-id=\"1bfcb17\" data-element_type=\"widget\" data-widget_type=\"text-editor.default\">\n\t\t\t\t<div class=\"elementor-widget-container\">\n\t\t\t<style>\/*! elementor - v3.23.0 - 05-08-2024 *\/\n.elementor-widget-text-editor.elementor-drop-cap-view-stacked .elementor-drop-cap{background-color:#69727d;color:#fff}.elementor-widget-text-editor.elementor-drop-cap-view-framed .elementor-drop-cap{color:#69727d;border:3px solid;background-color:transparent}.elementor-widget-text-editor:not(.elementor-drop-cap-view-default) .elementor-drop-cap{margin-top:8px}.elementor-widget-text-editor:not(.elementor-drop-cap-view-default) .elementor-drop-cap-letter{width:1em;height:1em}.elementor-widget-text-editor .elementor-drop-cap{float:left;text-align:center;line-height:1;font-size:50px}.elementor-widget-text-editor .elementor-drop-cap-letter{display:inline-block}<\/style>\t\t\t\t<p><strong>Innovative L\u00f6sungen f\u00fcr die\u00a0 Landwirtschaft<\/strong><\/p><p>In der modernen Landwirtschaft spielen innovative Technologien eine entscheidende Rolle, um den Anforderungen an Umweltschutz und Effizienz gerecht zu werden. Ein zentrales Element dabei ist der intelligente \u00dcberdachungsschutz und die Ladungssicherung, die sich an die sich st\u00e4ndig wandelnden gesetzlichen Anforderungen anpassen.<\/p><p>Unser \u00dcberdachungssystem bietet eine Vielzahl von Vorteilen: Es kann bequem vom Boden aus bedient werden und l\u00e4sst sich leichtg\u00e4ngig sowie schnell \u00f6ffnen, selbst bei Verformungen bis zu \u00b130 mm. Dank der robusten Konstruktion bleibt das System jederzeit betriebsdicht und ist f\u00fcr verschiedene Breiten bis zu 5 m und L\u00e4ngen erh\u00e4ltlich. Die Bedienung erfolgt manuell seitlich vom Boden aus, was eine einfache Handhabung erm\u00f6glicht.<\/p><p>Das System ist so konzipiert, dass es keinen Einfluss auf das Ladevolumen oder die Au\u00dfenabmessungen hat, je nach Ausf\u00fchrung. Es gew\u00e4hrleistet zudem eine zuverl\u00e4ssige Ladungssicherung, selbst bei h\u00f6heren Geschwindigkeiten. Die Servicefreundlichkeit wird durch ein Stahlschienen-System mit leicht austauschbaren Segmenten gew\u00e4hrleistet, das f\u00fcr eine lange Lebensdauer und einfache Wartung sorgt.<\/p><p>Diese innovative L\u00f6sung setzt neue Ma\u00dfst\u00e4be in der Landwirtschaft und tr\u00e4gt dazu bei, die Effizienz und Sicherheit im Betrieb deutlich zu erh\u00f6hen.<\/p>\t\t\t\t\t\t<\/div>\n\t\t\t\t<\/div>\n\t\t\t\t\t<\/div>\n\t\t\t\t<\/div>\n\t\t<div class=\"elementor-element elementor-element-fc60529 e-flex e-con-boxed e-con e-parent\" data-id=\"fc60529\" data-element_type=\"container\">\n\t\t\t\t\t<div class=\"e-con-inner\">\n\t\t\t\t<div class=\"elementor-element elementor-element-ba4269e elementor-align-center elementor-widget elementor-widget-button\" data-id=\"ba4269e\" data-element_type=\"widget\" data-widget_type=\"button.default\">\n\t\t\t\t<div class=\"elementor-widget-container\">\n\t\t\t\t\t<div class=\"elementor-button-wrapper\">\n\t\t\t<a class=\"elementor-button elementor-button-link elementor-size-sm\" href=\"https:\/\/expert.edschats.varion.de\/?page_id=23\">\n\t\t\t\t\t\t<span class=\"elementor-button-content-wrapper\">\n\t\t\t\t\t\t\t\t\t<span class=\"elementor-button-text\">Zur\u00fcck<\/span>\n\t\t\t\t\t<\/span>\n\t\t\t\t\t<\/a>\n\t\t<\/div>\n\t\t\t\t<\/div>\n\t\t\t\t<\/div>\n\t\t\t\t<div class=\"elementor-element elementor-element-8c59069 elementor-align-center elementor-widget elementor-widget-button\" data-id=\"8c59069\" data-element_type=\"widget\" data-widget_type=\"button.default\">\n\t\t\t\t<div class=\"elementor-widget-container\">\n\t\t\t\t\t<div class=\"elementor-button-wrapper\">\n\t\t\t<a class=\"elementor-button elementor-button-link elementor-size-sm\" href=\"https:\/\/www.edschats.com\/kontakt1\/kontakt\/kontaktformular\/\" target=\"_blank\">\n\t\t\t\t\t\t<span class=\"elementor-button-content-wrapper\">\n\t\t\t\t\t\t\t\t\t<span class=\"elementor-button-text\">Kontakt<\/span>\n\t\t\t\t\t<\/span>\n\t\t\t\t\t<\/a>\n\t\t<\/div>\n\t\t\t\t<\/div>\n\t\t\t\t<\/div>\n\t\t\t\t\t<\/div>\n\t\t\t\t<\/div>\n\t\t<div class=\"elementor-element elementor-element-0a292d0 e-flex e-con-boxed e-con e-parent\" data-id=\"0a292d0\" data-element_type=\"container\">\n\t\t\t\t\t<div class=\"e-con-inner\">\n\t\t\t\t<div class=\"elementor-element elementor-element-833c266 elementor-widget elementor-widget-progress\" data-id=\"833c266\" data-element_type=\"widget\" data-widget_type=\"progress.default\">\n\t\t\t\t<div class=\"elementor-widget-container\">\n\t\t\t<style>\/*! elementor - v3.23.0 - 05-08-2024 *\/\n.elementor-widget-progress{text-align:start}.elementor-progress-wrapper{position:relative;background-color:#eee;color:#fff;height:100%;border-radius:2px}.elementor-progress-bar{display:flex;background-color:#69727d;width:0;font-size:11px;height:30px;line-height:30px;border-radius:2px;transition:width 1s ease-in-out}.elementor-progress-text{flex-grow:1;white-space:nowrap;text-overflow:ellipsis;overflow:hidden;padding-inline-start:15px}.elementor-progress-percentage{padding-inline-end:15px}.elementor-widget-progress .elementor-progress-wrapper.progress-info .elementor-progress-bar{background-color:#5bc0de}.elementor-widget-progress .elementor-progress-wrapper.progress-success .elementor-progress-bar{background-color:#5cb85c}.elementor-widget-progress .elementor-progress-wrapper.progress-warning .elementor-progress-bar{background-color:#f0ad4e}.elementor-widget-progress .elementor-progress-wrapper.progress-danger .elementor-progress-bar{background-color:#d9534f}.elementor-progress .elementor-title{display:block}@media (max-width:767px){.elementor-progress-text{padding-inline-start:10px}}.e-con-inner .elementor-progress-wrapper,.e-con .elementor-progress-wrapper{height:auto}<\/style>\n\t\t<div class=\"elementor-progress-wrapper\" role=\"progressbar\" aria-valuemin=\"0\" aria-valuemax=\"100\" aria-valuenow=\"100\">\n\t\t\t<div class=\"elementor-progress-bar\" data-max=\"100\">\n\t\t\t\t<span class=\"elementor-progress-text\"><\/span>\n\t\t\t\t\t\t\t\t\t<span class=\"elementor-progress-percentage\">100%<\/span>\n\t\t\t\t\t\t\t<\/div>\n\t\t<\/div>\n\t\t\t\t<\/div>\n\t\t\t\t<\/div>\n\t\t\t\t\t<\/div>\n\t\t\t\t<\/div>\n\t\t<div class=\"elementor-element elementor-element-bc6f19c e-flex e-con-boxed e-con e-parent\" data-id=\"bc6f19c\" data-element_type=\"container\">\n\t\t\t\t\t<div class=\"e-con-inner\">\n\t\t\t\t<div class=\"elementor-element elementor-element-fcf34bd elementor-widget elementor-widget-heading\" data-id=\"fcf34bd\" data-element_type=\"widget\" data-widget_type=\"heading.default\">\n\t\t\t\t<div class=\"elementor-widget-container\">\n\t\t\t<h2 class=\"elementor-heading-title elementor-size-default\">Ihre Auswahl<\/h2>\t\t<\/div>\n\t\t\t\t<\/div>\n\t\t\t\t<div class=\"elementor-element elementor-element-d0a9892 elementor-widget elementor-widget-text-editor\" data-id=\"d0a9892\" data-element_type=\"widget\" data-widget_type=\"text-editor.default\">\n\t\t\t\t<div class=\"elementor-widget-container\">\n\t\t\t\t\t\t\t<p><a href=\"https:\/\/expert.edschats.varion.de\/?page_id=8\">Mobil<\/a> &#8211; <a href=\"https:\/\/expert.edschats.varion.de\/?page_id=23\">Agrar \/ Offroad<\/a><\/p>\t\t\t\t\t\t<\/div>\n\t\t\t\t<\/div>\n\t\t\t\t\t<\/div>\n\t\t\t\t<\/div>\n\t\t\t\t<\/div>\n\t\t","protected":false},"excerpt":{"rendered":"<p>Das Ergebnis Ihrer Auswahl: Planenverdecksystem OpenBox Agrar Innovative L\u00f6sungen f\u00fcr die\u00a0 Landwirtschaft In der modernen Landwirtschaft spielen innovative Technologien eine entscheidende Rolle, um den Anforderungen an Umweltschutz und Effizienz gerecht zu werden. Ein zentrales Element dabei ist der intelligente \u00dcberdachungsschutz und die Ladungssicherung, die sich an die sich st\u00e4ndig wandelnden gesetzlichen Anforderungen anpassen. Unser \u00dcberdachungssystem [&hellip;]<\/p>\n","protected":false},"author":1,"featured_media":0,"parent":0,"menu_order":0,"comment_status":"closed","ping_status":"closed","template":"","meta":{"footnotes":""},"class_list":["post-143","page","type-page","status-publish","hentry"],"_links":{"self":[{"href":"https:\/\/expert.edschats.varion.de\/index.php?rest_route=\/wp\/v2\/pages\/143","targetHints":{"allow":["GET"]}}],"collection":[{"href":"https:\/\/expert.edschats.varion.de\/index.php?rest_route=\/wp\/v2\/pages"}],"about":[{"href":"https:\/\/expert.edschats.varion.de\/index.php?rest_route=\/wp\/v2\/types\/page"}],"author":[{"embeddable":true,"href":"https:\/\/expert.edschats.varion.de\/index.php?rest_route=\/wp\/v2\/users\/1"}],"replies":[{"embeddable":true,"href":"https:\/\/expert.edschats.varion.de\/index.php?rest_route=%2Fwp%2Fv2%2Fcomments&post=143"}],"version-history":[{"count":25,"href":"https:\/\/expert.edschats.varion.de\/index.php?rest_route=\/wp\/v2\/pages\/143\/revisions"}],"predecessor-version":[{"id":1333,"href":"https:\/\/expert.edschats.varion.de\/index.php?rest_route=\/wp\/v2\/pages\/143\/revisions\/1333"}],"wp:attachment":[{"href":"https:\/\/expert.edschats.varion.de\/index.php?rest_route=%2Fwp%2Fv2%2Fmedia&parent=143"}],"curies":[{"name":"wp","href":"https:\/\/api.w.org\/{rel}","templated":true}]}}