{"id":220,"date":"2024-08-13T13:07:51","date_gmt":"2024-08-13T13:07:51","guid":{"rendered":"https:\/\/expert.edschats.varion.de\/?page_id=220"},"modified":"2024-08-21T07:28:47","modified_gmt":"2024-08-21T07:28:47","slug":"uebersichtsseite-festwand-hauptmarkt-verteiler","status":"publish","type":"page","link":"https:\/\/expert.edschats.varion.de\/?page_id=220","title":{"rendered":"\u00dcbersichtsseite Festwand Hauptmarkt Verteiler"},"content":{"rendered":"\t\t<div data-elementor-type=\"wp-page\" data-elementor-id=\"220\" class=\"elementor elementor-220\">\n\t\t\t\t<div class=\"elementor-element elementor-element-0d3c8db e-flex e-con-boxed e-con e-parent\" data-id=\"0d3c8db\" data-element_type=\"container\">\n\t\t\t\t\t<div class=\"e-con-inner\">\n\t\t\t\t<div class=\"elementor-element elementor-element-28d4a6e elementor-widget elementor-widget-heading\" data-id=\"28d4a6e\" data-element_type=\"widget\" data-widget_type=\"heading.default\">\n\t\t\t\t<div class=\"elementor-widget-container\">\n\t\t\t<style>\/*! elementor - v3.23.0 - 05-08-2024 *\/\n.elementor-heading-title{padding:0;margin:0;line-height:1}.elementor-widget-heading .elementor-heading-title[class*=elementor-size-]>a{color:inherit;font-size:inherit;line-height:inherit}.elementor-widget-heading .elementor-heading-title.elementor-size-small{font-size:15px}.elementor-widget-heading .elementor-heading-title.elementor-size-medium{font-size:19px}.elementor-widget-heading .elementor-heading-title.elementor-size-large{font-size:29px}.elementor-widget-heading .elementor-heading-title.elementor-size-xl{font-size:39px}.elementor-widget-heading .elementor-heading-title.elementor-size-xxl{font-size:59px}<\/style><h2 class=\"elementor-heading-title elementor-size-default\">Das Ergebnis Ihrer Auswahl:\nPlanenverdecksystem Festwand<\/h2>\t\t<\/div>\n\t\t\t\t<\/div>\n\t\t\t\t\t<\/div>\n\t\t\t\t<\/div>\n\t\t<div class=\"elementor-element elementor-element-4afcec2 e-flex e-con-boxed e-con e-parent\" data-id=\"4afcec2\" data-element_type=\"container\">\n\t\t\t\t\t<div class=\"e-con-inner\">\n\t\t\t\t<div class=\"elementor-element elementor-element-3487b49 elementor-widget elementor-widget-image\" data-id=\"3487b49\" data-element_type=\"widget\" data-widget_type=\"image.default\">\n\t\t\t\t<div class=\"elementor-widget-container\">\n\t\t\t<style>\/*! elementor - v3.23.0 - 05-08-2024 *\/\n.elementor-widget-image{text-align:center}.elementor-widget-image a{display:inline-block}.elementor-widget-image a img[src$=\".svg\"]{width:48px}.elementor-widget-image img{vertical-align:middle;display:inline-block}<\/style>\t\t\t\t\t\t\t\t\t\t<img fetchpriority=\"high\" decoding=\"async\" width=\"900\" height=\"600\" src=\"https:\/\/expert.edschats.varion.de\/wp-content\/uploads\/2024\/08\/TipperRoof.jpg\" class=\"attachment-large size-large wp-image-1042\" alt=\"\" srcset=\"https:\/\/expert.edschats.varion.de\/wp-content\/uploads\/2024\/08\/TipperRoof.jpg 900w, https:\/\/expert.edschats.varion.de\/wp-content\/uploads\/2024\/08\/TipperRoof-300x200.jpg 300w, https:\/\/expert.edschats.varion.de\/wp-content\/uploads\/2024\/08\/TipperRoof-768x512.jpg 768w\" sizes=\"(max-width: 900px) 100vw, 900px\" \/>\t\t\t\t\t\t\t\t\t\t\t\t\t<\/div>\n\t\t\t\t<\/div>\n\t\t\t\t<div class=\"elementor-element elementor-element-b4154d9 elementor-widget elementor-widget-image\" data-id=\"b4154d9\" data-element_type=\"widget\" data-widget_type=\"image.default\">\n\t\t\t\t<div class=\"elementor-widget-container\">\n\t\t\t\t\t\t\t\t\t\t\t\t\t<img decoding=\"async\" width=\"900\" height=\"600\" src=\"https:\/\/expert.edschats.varion.de\/wp-content\/uploads\/2024\/08\/OpenBox.jpg\" class=\"attachment-large size-large wp-image-1043\" alt=\"\" srcset=\"https:\/\/expert.edschats.varion.de\/wp-content\/uploads\/2024\/08\/OpenBox.jpg 900w, https:\/\/expert.edschats.varion.de\/wp-content\/uploads\/2024\/08\/OpenBox-300x200.jpg 300w, https:\/\/expert.edschats.varion.de\/wp-content\/uploads\/2024\/08\/OpenBox-768x512.jpg 768w\" sizes=\"(max-width: 900px) 100vw, 900px\" \/>\t\t\t\t\t\t\t\t\t\t\t\t\t<\/div>\n\t\t\t\t<\/div>\n\t\t\t\t\t<\/div>\n\t\t\t\t<\/div>\n\t\t<div class=\"elementor-element elementor-element-251e10b e-flex e-con-boxed e-con e-parent\" data-id=\"251e10b\" data-element_type=\"container\">\n\t\t\t\t\t<div class=\"e-con-inner\">\n\t\t<div class=\"elementor-element elementor-element-3505ba0 e-con-full e-flex e-con e-child\" data-id=\"3505ba0\" data-element_type=\"container\">\n\t\t\t\t<div class=\"elementor-element elementor-element-133fce0 elementor-widget elementor-widget-text-editor\" data-id=\"133fce0\" data-element_type=\"widget\" data-widget_type=\"text-editor.default\">\n\t\t\t\t<div class=\"elementor-widget-container\">\n\t\t\t<style>\/*! elementor - v3.23.0 - 05-08-2024 *\/\n.elementor-widget-text-editor.elementor-drop-cap-view-stacked .elementor-drop-cap{background-color:#69727d;color:#fff}.elementor-widget-text-editor.elementor-drop-cap-view-framed .elementor-drop-cap{color:#69727d;border:3px solid;background-color:transparent}.elementor-widget-text-editor:not(.elementor-drop-cap-view-default) .elementor-drop-cap{margin-top:8px}.elementor-widget-text-editor:not(.elementor-drop-cap-view-default) .elementor-drop-cap-letter{width:1em;height:1em}.elementor-widget-text-editor .elementor-drop-cap{float:left;text-align:center;line-height:1;font-size:50px}.elementor-widget-text-editor .elementor-drop-cap-letter{display:inline-block}<\/style>\t\t\t\t<p>F\u00fcr den Transport von Sch\u00fcttgut sind Aufbauten mit festen W\u00e4nden eine zwingende Voraussetzung. Dies ist unabh\u00e4ngig davon, ob durch einen Radlader seitlich \u00fcber die Wand, durch einen Trichter, \u00fcber ein F\u00fcllrohr von oben oder durch eine hintere T\u00fcr beladen wird. Auch beim Entladen gibt es neben dem Ausbaggern von oben, der Entnahme durch eine hintere T\u00fcr die M\u00f6glichkeit des Herausschiebens oder des Abkippens in eine oder mehrere Richtungen. Aus diesen M\u00f6glichkeiten haben sich im Laufe der Zeit immer weiter spezialisierte Fahrzeuge f\u00fcr die verschiedenen Sch\u00fcttg\u00fcter und Ladebedingungen entwickelt. Allen gemeinsam ist die Tatsache, dass das Verdeck im Gegensatz zu allen anderen Anwendungen seitlich elastisch ausgelegt sein muss, um der Form der Wand f\u00fcr zuverl\u00e4ssige Funktion unter allen Einsatzbedingungen zu folgen.<\/p>\t\t\t\t\t\t<\/div>\n\t\t\t\t<\/div>\n\t\t\t\t<\/div>\n\t\t\t\t\t<\/div>\n\t\t\t\t<\/div>\n\t\t<div class=\"elementor-element elementor-element-fc60529 e-flex e-con-boxed e-con e-parent\" data-id=\"fc60529\" data-element_type=\"container\">\n\t\t\t\t\t<div class=\"e-con-inner\">\n\t\t<div class=\"elementor-element elementor-element-0637919 e-con-full e-flex e-con e-child\" data-id=\"0637919\" data-element_type=\"container\">\n\t\t\t\t<div class=\"elementor-element elementor-element-ba4269e elementor-align-left elementor-widget elementor-widget-button\" data-id=\"ba4269e\" data-element_type=\"widget\" data-widget_type=\"button.default\">\n\t\t\t\t<div class=\"elementor-widget-container\">\n\t\t\t\t\t<div class=\"elementor-button-wrapper\">\n\t\t\t<a class=\"elementor-button elementor-button-link elementor-size-sm\" href=\"https:\/\/expert.edschats.varion.de\/?page_id=132\">\n\t\t\t\t\t\t<span class=\"elementor-button-content-wrapper\">\n\t\t\t\t\t\t\t\t\t<span class=\"elementor-button-text\">Zur\u00fcck<\/span>\n\t\t\t\t\t<\/span>\n\t\t\t\t\t<\/a>\n\t\t<\/div>\n\t\t\t\t<\/div>\n\t\t\t\t<\/div>\n\t\t\t\t<\/div>\n\t\t<div class=\"elementor-element elementor-element-88bf8a5 e-con-full e-flex e-con e-child\" data-id=\"88bf8a5\" data-element_type=\"container\">\n\t\t\t\t<div class=\"elementor-element elementor-element-b8f51b4 elementor-align-right elementor-widget elementor-widget-button\" data-id=\"b8f51b4\" data-element_type=\"widget\" data-widget_type=\"button.default\">\n\t\t\t\t<div class=\"elementor-widget-container\">\n\t\t\t\t\t<div class=\"elementor-button-wrapper\">\n\t\t\t<a class=\"elementor-button elementor-button-link elementor-size-sm\" href=\"https:\/\/expert.edschats.varion.de\/?page_id=449\">\n\t\t\t\t\t\t<span class=\"elementor-button-content-wrapper\">\n\t\t\t\t\t\t\t\t\t<span class=\"elementor-button-text\">Zur Festwand Produkt\u00fcbersicht<\/span>\n\t\t\t\t\t<\/span>\n\t\t\t\t\t<\/a>\n\t\t<\/div>\n\t\t\t\t<\/div>\n\t\t\t\t<\/div>\n\t\t\t\t<\/div>\n\t\t\t\t\t<\/div>\n\t\t\t\t<\/div>\n\t\t<div class=\"elementor-element elementor-element-bbccefb e-flex e-con-boxed e-con e-parent\" data-id=\"bbccefb\" data-element_type=\"container\">\n\t\t\t\t\t<div class=\"e-con-inner\">\n\t\t\t\t<div class=\"elementor-element elementor-element-7a66926 elementor-widget elementor-widget-progress\" data-id=\"7a66926\" data-element_type=\"widget\" data-widget_type=\"progress.default\">\n\t\t\t\t<div class=\"elementor-widget-container\">\n\t\t\t<style>\/*! elementor - v3.23.0 - 05-08-2024 *\/\n.elementor-widget-progress{text-align:start}.elementor-progress-wrapper{position:relative;background-color:#eee;color:#fff;height:100%;border-radius:2px}.elementor-progress-bar{display:flex;background-color:#69727d;width:0;font-size:11px;height:30px;line-height:30px;border-radius:2px;transition:width 1s ease-in-out}.elementor-progress-text{flex-grow:1;white-space:nowrap;text-overflow:ellipsis;overflow:hidden;padding-inline-start:15px}.elementor-progress-percentage{padding-inline-end:15px}.elementor-widget-progress .elementor-progress-wrapper.progress-info .elementor-progress-bar{background-color:#5bc0de}.elementor-widget-progress .elementor-progress-wrapper.progress-success .elementor-progress-bar{background-color:#5cb85c}.elementor-widget-progress .elementor-progress-wrapper.progress-warning .elementor-progress-bar{background-color:#f0ad4e}.elementor-widget-progress .elementor-progress-wrapper.progress-danger .elementor-progress-bar{background-color:#d9534f}.elementor-progress .elementor-title{display:block}@media (max-width:767px){.elementor-progress-text{padding-inline-start:10px}}.e-con-inner .elementor-progress-wrapper,.e-con .elementor-progress-wrapper{height:auto}<\/style>\n\t\t<div class=\"elementor-progress-wrapper\" role=\"progressbar\" aria-valuemin=\"0\" aria-valuemax=\"100\" aria-valuenow=\"95\">\n\t\t\t<div class=\"elementor-progress-bar\" data-max=\"95\">\n\t\t\t\t<span class=\"elementor-progress-text\"><\/span>\n\t\t\t\t\t\t\t\t\t<span class=\"elementor-progress-percentage\">95%<\/span>\n\t\t\t\t\t\t\t<\/div>\n\t\t<\/div>\n\t\t\t\t<\/div>\n\t\t\t\t<\/div>\n\t\t\t\t\t<\/div>\n\t\t\t\t<\/div>\n\t\t<div class=\"elementor-element elementor-element-2de3a9c e-flex e-con-boxed e-con e-parent\" data-id=\"2de3a9c\" data-element_type=\"container\">\n\t\t\t\t\t<div class=\"e-con-inner\">\n\t\t\t\t<div class=\"elementor-element elementor-element-210ced7 elementor-widget elementor-widget-heading\" data-id=\"210ced7\" data-element_type=\"widget\" data-widget_type=\"heading.default\">\n\t\t\t\t<div class=\"elementor-widget-container\">\n\t\t\t<h2 class=\"elementor-heading-title elementor-size-default\">Ihre Auswahl<\/h2>\t\t<\/div>\n\t\t\t\t<\/div>\n\t\t\t\t<div class=\"elementor-element elementor-element-e24579d elementor-widget elementor-widget-text-editor\" data-id=\"e24579d\" data-element_type=\"widget\" data-widget_type=\"text-editor.default\">\n\t\t\t\t<div class=\"elementor-widget-container\">\n\t\t\t\t\t\t\t<p><a href=\"https:\/\/expert.edschats.varion.de\/?page_id=8\">Mobil<\/a> &#8211; <a href=\"https:\/\/expert.edschats.varion.de\/?page_id=58\">Stra\u00dfenfahrzeuge<\/a> &#8211; <a href=\"https:\/\/expert.edschats.varion.de\/?page_id=58\">Hauptmarkt<\/a> &#8211; <a href=\"https:\/\/expert.edschats.varion.de\/?page_id=63\">Verteiler<\/a> &#8211; <a href=\"https:\/\/expert.edschats.varion.de\/?page_id=132\">Sch\u00fcttgut<\/a><\/p>\t\t\t\t\t\t<\/div>\n\t\t\t\t<\/div>\n\t\t\t\t\t<\/div>\n\t\t\t\t<\/div>\n\t\t\t\t<\/div>\n\t\t","protected":false},"excerpt":{"rendered":"<p>Das Ergebnis Ihrer Auswahl: Planenverdecksystem Festwand F\u00fcr den Transport von Sch\u00fcttgut sind Aufbauten mit festen W\u00e4nden eine zwingende Voraussetzung. Dies ist unabh\u00e4ngig davon, ob durch einen Radlader seitlich \u00fcber die Wand, durch einen Trichter, \u00fcber ein F\u00fcllrohr von oben oder durch eine hintere T\u00fcr beladen wird. Auch beim Entladen gibt es neben dem Ausbaggern von [&hellip;]<\/p>\n","protected":false},"author":1,"featured_media":0,"parent":0,"menu_order":0,"comment_status":"closed","ping_status":"closed","template":"","meta":{"footnotes":""},"class_list":["post-220","page","type-page","status-publish","hentry"],"_links":{"self":[{"href":"https:\/\/expert.edschats.varion.de\/index.php?rest_route=\/wp\/v2\/pages\/220","targetHints":{"allow":["GET"]}}],"collection":[{"href":"https:\/\/expert.edschats.varion.de\/index.php?rest_route=\/wp\/v2\/pages"}],"about":[{"href":"https:\/\/expert.edschats.varion.de\/index.php?rest_route=\/wp\/v2\/types\/page"}],"author":[{"embeddable":true,"href":"https:\/\/expert.edschats.varion.de\/index.php?rest_route=\/wp\/v2\/users\/1"}],"replies":[{"embeddable":true,"href":"https:\/\/expert.edschats.varion.de\/index.php?rest_route=%2Fwp%2Fv2%2Fcomments&post=220"}],"version-history":[{"count":16,"href":"https:\/\/expert.edschats.varion.de\/index.php?rest_route=\/wp\/v2\/pages\/220\/revisions"}],"predecessor-version":[{"id":1365,"href":"https:\/\/expert.edschats.varion.de\/index.php?rest_route=\/wp\/v2\/pages\/220\/revisions\/1365"}],"wp:attachment":[{"href":"https:\/\/expert.edschats.varion.de\/index.php?rest_route=%2Fwp%2Fv2%2Fmedia&parent=220"}],"curies":[{"name":"wp","href":"https:\/\/api.w.org\/{rel}","templated":true}]}}