{"id":222,"date":"2024-08-13T13:07:51","date_gmt":"2024-08-13T13:07:51","guid":{"rendered":"https:\/\/expert.edschats.varion.de\/?page_id=222"},"modified":"2024-08-26T08:12:50","modified_gmt":"2024-08-26T08:12:50","slug":"uebersichtsseite-vollplane-hauptmarkt-verteiler","status":"publish","type":"page","link":"https:\/\/expert.edschats.varion.de\/?page_id=222","title":{"rendered":"\u00dcbersichtsseite Vollplane Hauptmarkt Verteiler"},"content":{"rendered":"\t\t<div data-elementor-type=\"wp-page\" data-elementor-id=\"222\" class=\"elementor elementor-222\">\n\t\t\t\t<div class=\"elementor-element elementor-element-0d3c8db e-flex e-con-boxed e-con e-parent\" data-id=\"0d3c8db\" data-element_type=\"container\">\n\t\t\t\t\t<div class=\"e-con-inner\">\n\t\t\t\t<div class=\"elementor-element elementor-element-28d4a6e elementor-widget elementor-widget-heading\" data-id=\"28d4a6e\" data-element_type=\"widget\" data-widget_type=\"heading.default\">\n\t\t\t\t<div class=\"elementor-widget-container\">\n\t\t\t<style>\/*! elementor - v3.23.0 - 05-08-2024 *\/\n.elementor-heading-title{padding:0;margin:0;line-height:1}.elementor-widget-heading .elementor-heading-title[class*=elementor-size-]>a{color:inherit;font-size:inherit;line-height:inherit}.elementor-widget-heading .elementor-heading-title.elementor-size-small{font-size:15px}.elementor-widget-heading .elementor-heading-title.elementor-size-medium{font-size:19px}.elementor-widget-heading .elementor-heading-title.elementor-size-large{font-size:29px}.elementor-widget-heading .elementor-heading-title.elementor-size-xl{font-size:39px}.elementor-widget-heading .elementor-heading-title.elementor-size-xxl{font-size:59px}<\/style><h2 class=\"elementor-heading-title elementor-size-default\">Das Ergebnis Ihrer Auswahl:\nPlanenverdecksystem Vollplane<\/h2>\t\t<\/div>\n\t\t\t\t<\/div>\n\t\t\t\t\t<\/div>\n\t\t\t\t<\/div>\n\t\t<div class=\"elementor-element elementor-element-f7357d0 e-flex e-con-boxed e-con e-parent\" data-id=\"f7357d0\" data-element_type=\"container\">\n\t\t\t\t\t<div class=\"e-con-inner\">\n\t\t\t\t<div class=\"elementor-element elementor-element-2c17579 elementor-widget elementor-widget-image\" data-id=\"2c17579\" data-element_type=\"widget\" data-widget_type=\"image.default\">\n\t\t\t\t<div class=\"elementor-widget-container\">\n\t\t\t<style>\/*! elementor - v3.23.0 - 05-08-2024 *\/\n.elementor-widget-image{text-align:center}.elementor-widget-image a{display:inline-block}.elementor-widget-image a img[src$=\".svg\"]{width:48px}.elementor-widget-image img{vertical-align:middle;display:inline-block}<\/style>\t\t\t\t\t\t\t\t\t\t<img fetchpriority=\"high\" decoding=\"async\" width=\"900\" height=\"600\" src=\"https:\/\/expert.edschats.varion.de\/wp-content\/uploads\/2024\/08\/Vollplane.jpg\" class=\"attachment-large size-large wp-image-1051\" alt=\"\" srcset=\"https:\/\/expert.edschats.varion.de\/wp-content\/uploads\/2024\/08\/Vollplane.jpg 900w, https:\/\/expert.edschats.varion.de\/wp-content\/uploads\/2024\/08\/Vollplane-300x200.jpg 300w, https:\/\/expert.edschats.varion.de\/wp-content\/uploads\/2024\/08\/Vollplane-768x512.jpg 768w\" sizes=\"(max-width: 900px) 100vw, 900px\" \/>\t\t\t\t\t\t\t\t\t\t\t\t\t<\/div>\n\t\t\t\t<\/div>\n\t\t\t\t\t<\/div>\n\t\t\t\t<\/div>\n\t\t<div class=\"elementor-element elementor-element-dd78236 e-flex e-con-boxed e-con e-parent\" data-id=\"dd78236\" data-element_type=\"container\">\n\t\t\t\t\t<div class=\"e-con-inner\">\n\t\t\t\t<div class=\"elementor-element elementor-element-8594a5b elementor-widget elementor-widget-text-editor\" data-id=\"8594a5b\" data-element_type=\"widget\" data-widget_type=\"text-editor.default\">\n\t\t\t\t<div class=\"elementor-widget-container\">\n\t\t\t<style>\/*! elementor - v3.23.0 - 05-08-2024 *\/\n.elementor-widget-text-editor.elementor-drop-cap-view-stacked .elementor-drop-cap{background-color:#69727d;color:#fff}.elementor-widget-text-editor.elementor-drop-cap-view-framed .elementor-drop-cap{color:#69727d;border:3px solid;background-color:transparent}.elementor-widget-text-editor:not(.elementor-drop-cap-view-default) .elementor-drop-cap{margin-top:8px}.elementor-widget-text-editor:not(.elementor-drop-cap-view-default) .elementor-drop-cap-letter{width:1em;height:1em}.elementor-widget-text-editor .elementor-drop-cap{float:left;text-align:center;line-height:1;font-size:50px}.elementor-widget-text-editor .elementor-drop-cap-letter{display:inline-block}<\/style>\t\t\t\t<p>Diese Aufbauart wurde mit der Geburt der motorisierten Nutzfahrzeuge entwickelt. Die Bordw\u00e4nde sollten die Ladung vor dem Herabfallen und die Stoffabdeckung vor Regen sch\u00fctzen. Generell erlaubt diese Aufbauvariante hohe Flexibilit\u00e4t. Die Flexibilit\u00e4t wurde durch die Edscha TS Erfindung des Schiebeverdecks im Jahr 1969 noch deutlich gesteigert. Heute ist bei diesem Aufbau ein wesentlich schnellerer und sicherer Ladevorgang m\u00f6glich, da durch das Verschieben der kompletten Plane zur Stirnwand der Laderaum sehr schnell freigelegt werden kann.<\/p>\t\t\t\t\t\t<\/div>\n\t\t\t\t<\/div>\n\t\t\t\t\t<\/div>\n\t\t\t\t<\/div>\n\t\t<div class=\"elementor-element elementor-element-fc60529 e-flex e-con-boxed e-con e-parent\" data-id=\"fc60529\" data-element_type=\"container\">\n\t\t\t\t\t<div class=\"e-con-inner\">\n\t\t<div class=\"elementor-element elementor-element-0637919 e-con-full e-flex e-con e-child\" data-id=\"0637919\" data-element_type=\"container\">\n\t\t\t\t<div class=\"elementor-element elementor-element-ba4269e elementor-align-left elementor-widget elementor-widget-button\" data-id=\"ba4269e\" data-element_type=\"widget\" data-widget_type=\"button.default\">\n\t\t\t\t<div class=\"elementor-widget-container\">\n\t\t\t\t\t<div class=\"elementor-button-wrapper\">\n\t\t\t<a class=\"elementor-button elementor-button-link elementor-size-sm\" href=\"https:\/\/expert.edschats.varion.de\/?page_id=199\">\n\t\t\t\t\t\t<span class=\"elementor-button-content-wrapper\">\n\t\t\t\t\t\t\t\t\t<span class=\"elementor-button-text\">Zur\u00fcck<\/span>\n\t\t\t\t\t<\/span>\n\t\t\t\t\t<\/a>\n\t\t<\/div>\n\t\t\t\t<\/div>\n\t\t\t\t<\/div>\n\t\t\t\t<\/div>\n\t\t<div class=\"elementor-element elementor-element-88bf8a5 e-con-full e-flex e-con e-child\" data-id=\"88bf8a5\" data-element_type=\"container\">\n\t\t\t\t<div class=\"elementor-element elementor-element-b8f51b4 elementor-align-right elementor-widget elementor-widget-button\" data-id=\"b8f51b4\" data-element_type=\"widget\" data-widget_type=\"button.default\">\n\t\t\t\t<div class=\"elementor-widget-container\">\n\t\t\t\t\t<div class=\"elementor-button-wrapper\">\n\t\t\t<a class=\"elementor-button elementor-button-link elementor-size-sm\" href=\"https:\/\/expert.edschats.varion.de\/?page_id=420\">\n\t\t\t\t\t\t<span class=\"elementor-button-content-wrapper\">\n\t\t\t\t\t\t\t\t\t<span class=\"elementor-button-text\">Zur Vollplane Produkt\u00fcbersicht<\/span>\n\t\t\t\t\t<\/span>\n\t\t\t\t\t<\/a>\n\t\t<\/div>\n\t\t\t\t<\/div>\n\t\t\t\t<\/div>\n\t\t\t\t<\/div>\n\t\t\t\t\t<\/div>\n\t\t\t\t<\/div>\n\t\t<div class=\"elementor-element elementor-element-1dcd7fd e-flex e-con-boxed e-con e-parent\" data-id=\"1dcd7fd\" data-element_type=\"container\">\n\t\t\t\t\t<div class=\"e-con-inner\">\n\t\t\t\t<div class=\"elementor-element elementor-element-996a3d6 elementor-widget elementor-widget-progress\" data-id=\"996a3d6\" data-element_type=\"widget\" data-widget_type=\"progress.default\">\n\t\t\t\t<div class=\"elementor-widget-container\">\n\t\t\t<style>\/*! elementor - v3.23.0 - 05-08-2024 *\/\n.elementor-widget-progress{text-align:start}.elementor-progress-wrapper{position:relative;background-color:#eee;color:#fff;height:100%;border-radius:2px}.elementor-progress-bar{display:flex;background-color:#69727d;width:0;font-size:11px;height:30px;line-height:30px;border-radius:2px;transition:width 1s ease-in-out}.elementor-progress-text{flex-grow:1;white-space:nowrap;text-overflow:ellipsis;overflow:hidden;padding-inline-start:15px}.elementor-progress-percentage{padding-inline-end:15px}.elementor-widget-progress .elementor-progress-wrapper.progress-info .elementor-progress-bar{background-color:#5bc0de}.elementor-widget-progress .elementor-progress-wrapper.progress-success .elementor-progress-bar{background-color:#5cb85c}.elementor-widget-progress .elementor-progress-wrapper.progress-warning .elementor-progress-bar{background-color:#f0ad4e}.elementor-widget-progress .elementor-progress-wrapper.progress-danger .elementor-progress-bar{background-color:#d9534f}.elementor-progress .elementor-title{display:block}@media (max-width:767px){.elementor-progress-text{padding-inline-start:10px}}.e-con-inner .elementor-progress-wrapper,.e-con .elementor-progress-wrapper{height:auto}<\/style>\n\t\t<div class=\"elementor-progress-wrapper\" role=\"progressbar\" aria-valuemin=\"0\" aria-valuemax=\"100\" aria-valuenow=\"95\">\n\t\t\t<div class=\"elementor-progress-bar\" data-max=\"95\">\n\t\t\t\t<span class=\"elementor-progress-text\"><\/span>\n\t\t\t\t\t\t\t\t\t<span class=\"elementor-progress-percentage\">95%<\/span>\n\t\t\t\t\t\t\t<\/div>\n\t\t<\/div>\n\t\t\t\t<\/div>\n\t\t\t\t<\/div>\n\t\t\t\t\t<\/div>\n\t\t\t\t<\/div>\n\t\t<div class=\"elementor-element elementor-element-3f5741b e-flex e-con-boxed e-con e-parent\" data-id=\"3f5741b\" data-element_type=\"container\">\n\t\t\t\t\t<div class=\"e-con-inner\">\n\t\t\t\t<div class=\"elementor-element elementor-element-e604d29 elementor-widget elementor-widget-heading\" data-id=\"e604d29\" data-element_type=\"widget\" data-widget_type=\"heading.default\">\n\t\t\t\t<div class=\"elementor-widget-container\">\n\t\t\t<h2 class=\"elementor-heading-title elementor-size-default\">Ihre Auswahl<\/h2>\t\t<\/div>\n\t\t\t\t<\/div>\n\t\t\t\t<div class=\"elementor-element elementor-element-5b01970 elementor-widget elementor-widget-text-editor\" data-id=\"5b01970\" data-element_type=\"widget\" data-widget_type=\"text-editor.default\">\n\t\t\t\t<div class=\"elementor-widget-container\">\n\t\t\t\t\t\t\t<p><a href=\"https:\/\/expert.edschats.varion.de\/?page_id=8\">Mobil<\/a> &#8211; <a href=\"https:\/\/expert.edschats.varion.de\/?page_id=58\">Stra\u00dfenfahrzeuge<\/a> &#8211; <a href=\"https:\/\/expert.edschats.varion.de\/?page_id=58\">Hauptmarkt<\/a> &#8211; <a href=\"https:\/\/expert.edschats.varion.de\/?page_id=63\">Verteiler<\/a> &#8211; <a href=\"https:\/\/expert.edschats.varion.de\/?page_id=63\">St\u00fcckgut<\/a> &#8211; <a href=\"https:\/\/expert.edschats.varion.de\/?page_id=199\">St\u00fcckgut staplerf\u00e4hig, nicht modluar<\/a><\/p>\t\t\t\t\t\t<\/div>\n\t\t\t\t<\/div>\n\t\t\t\t\t<\/div>\n\t\t\t\t<\/div>\n\t\t\t\t<\/div>\n\t\t","protected":false},"excerpt":{"rendered":"<p>Das Ergebnis Ihrer Auswahl: Planenverdecksystem Vollplane Diese Aufbauart wurde mit der Geburt der motorisierten Nutzfahrzeuge entwickelt. Die Bordw\u00e4nde sollten die Ladung vor dem Herabfallen und die Stoffabdeckung vor Regen sch\u00fctzen. Generell erlaubt diese Aufbauvariante hohe Flexibilit\u00e4t. Die Flexibilit\u00e4t wurde durch die Edscha TS Erfindung des Schiebeverdecks im Jahr 1969 noch deutlich gesteigert. Heute ist bei [&hellip;]<\/p>\n","protected":false},"author":1,"featured_media":0,"parent":0,"menu_order":0,"comment_status":"closed","ping_status":"closed","template":"","meta":{"footnotes":""},"class_list":["post-222","page","type-page","status-publish","hentry"],"_links":{"self":[{"href":"https:\/\/expert.edschats.varion.de\/index.php?rest_route=\/wp\/v2\/pages\/222","targetHints":{"allow":["GET"]}}],"collection":[{"href":"https:\/\/expert.edschats.varion.de\/index.php?rest_route=\/wp\/v2\/pages"}],"about":[{"href":"https:\/\/expert.edschats.varion.de\/index.php?rest_route=\/wp\/v2\/types\/page"}],"author":[{"embeddable":true,"href":"https:\/\/expert.edschats.varion.de\/index.php?rest_route=\/wp\/v2\/users\/1"}],"replies":[{"embeddable":true,"href":"https:\/\/expert.edschats.varion.de\/index.php?rest_route=%2Fwp%2Fv2%2Fcomments&post=222"}],"version-history":[{"count":19,"href":"https:\/\/expert.edschats.varion.de\/index.php?rest_route=\/wp\/v2\/pages\/222\/revisions"}],"predecessor-version":[{"id":1409,"href":"https:\/\/expert.edschats.varion.de\/index.php?rest_route=\/wp\/v2\/pages\/222\/revisions\/1409"}],"wp:attachment":[{"href":"https:\/\/expert.edschats.varion.de\/index.php?rest_route=%2Fwp%2Fv2%2Fmedia&parent=222"}],"curies":[{"name":"wp","href":"https:\/\/api.w.org\/{rel}","templated":true}]}}