{"id":37,"date":"2024-08-12T15:06:36","date_gmt":"2024-08-12T15:06:36","guid":{"rendered":"https:\/\/expert.edschats.varion.de\/?page_id=37"},"modified":"2024-08-22T15:20:28","modified_gmt":"2024-08-22T15:20:28","slug":"openbox-industry-stationaer","status":"publish","type":"page","link":"https:\/\/expert.edschats.varion.de\/?page_id=37","title":{"rendered":"OpenBox Industry &#8211; Station\u00e4r"},"content":{"rendered":"\t\t<div data-elementor-type=\"wp-page\" data-elementor-id=\"37\" class=\"elementor elementor-37\">\n\t\t\t\t<div class=\"elementor-element elementor-element-0d3c8db e-flex e-con-boxed e-con e-parent\" data-id=\"0d3c8db\" data-element_type=\"container\">\n\t\t\t\t\t<div class=\"e-con-inner\">\n\t\t\t\t<div class=\"elementor-element elementor-element-28d4a6e elementor-widget elementor-widget-heading\" data-id=\"28d4a6e\" data-element_type=\"widget\" data-widget_type=\"heading.default\">\n\t\t\t\t<div class=\"elementor-widget-container\">\n\t\t\t<style>\/*! elementor - v3.23.0 - 05-08-2024 *\/\n.elementor-heading-title{padding:0;margin:0;line-height:1}.elementor-widget-heading .elementor-heading-title[class*=elementor-size-]>a{color:inherit;font-size:inherit;line-height:inherit}.elementor-widget-heading .elementor-heading-title.elementor-size-small{font-size:15px}.elementor-widget-heading .elementor-heading-title.elementor-size-medium{font-size:19px}.elementor-widget-heading .elementor-heading-title.elementor-size-large{font-size:29px}.elementor-widget-heading .elementor-heading-title.elementor-size-xl{font-size:39px}.elementor-widget-heading .elementor-heading-title.elementor-size-xxl{font-size:59px}<\/style><h2 class=\"elementor-heading-title elementor-size-default\">Das Ergebnis Ihrer Auswahl:\nPlanenverdecksystem OpenBox Industry<\/h2>\t\t<\/div>\n\t\t\t\t<\/div>\n\t\t\t\t\t<\/div>\n\t\t\t\t<\/div>\n\t\t<div class=\"elementor-element elementor-element-3d0fdfb e-flex e-con-boxed e-con e-parent\" data-id=\"3d0fdfb\" data-element_type=\"container\">\n\t\t\t\t\t<div class=\"e-con-inner\">\n\t\t\t\t<div class=\"elementor-element elementor-element-0117591 elementor-widget elementor-widget-image\" data-id=\"0117591\" data-element_type=\"widget\" data-widget_type=\"image.default\">\n\t\t\t\t<div class=\"elementor-widget-container\">\n\t\t\t<style>\/*! elementor - v3.23.0 - 05-08-2024 *\/\n.elementor-widget-image{text-align:center}.elementor-widget-image a{display:inline-block}.elementor-widget-image a img[src$=\".svg\"]{width:48px}.elementor-widget-image img{vertical-align:middle;display:inline-block}<\/style>\t\t\t\t\t\t\t\t\t\t<img fetchpriority=\"high\" decoding=\"async\" width=\"900\" height=\"600\" src=\"https:\/\/expert.edschats.varion.de\/wp-content\/uploads\/2024\/08\/Industry_2.jpg\" class=\"attachment-large size-large wp-image-1079\" alt=\"\" srcset=\"https:\/\/expert.edschats.varion.de\/wp-content\/uploads\/2024\/08\/Industry_2.jpg 900w, https:\/\/expert.edschats.varion.de\/wp-content\/uploads\/2024\/08\/Industry_2-300x200.jpg 300w, https:\/\/expert.edschats.varion.de\/wp-content\/uploads\/2024\/08\/Industry_2-768x512.jpg 768w\" sizes=\"(max-width: 900px) 100vw, 900px\" \/>\t\t\t\t\t\t\t\t\t\t\t\t\t<\/div>\n\t\t\t\t<\/div>\n\t\t\t\t\t<\/div>\n\t\t\t\t<\/div>\n\t\t<div class=\"elementor-element elementor-element-861af2e e-flex e-con-boxed e-con e-parent\" data-id=\"861af2e\" data-element_type=\"container\">\n\t\t\t\t\t<div class=\"e-con-inner\">\n\t\t\t\t<div class=\"elementor-element elementor-element-1bfcb17 elementor-widget elementor-widget-text-editor\" data-id=\"1bfcb17\" data-element_type=\"widget\" data-widget_type=\"text-editor.default\">\n\t\t\t\t<div class=\"elementor-widget-container\">\n\t\t\t<style>\/*! elementor - v3.23.0 - 05-08-2024 *\/\n.elementor-widget-text-editor.elementor-drop-cap-view-stacked .elementor-drop-cap{background-color:#69727d;color:#fff}.elementor-widget-text-editor.elementor-drop-cap-view-framed .elementor-drop-cap{color:#69727d;border:3px solid;background-color:transparent}.elementor-widget-text-editor:not(.elementor-drop-cap-view-default) .elementor-drop-cap{margin-top:8px}.elementor-widget-text-editor:not(.elementor-drop-cap-view-default) .elementor-drop-cap-letter{width:1em;height:1em}.elementor-widget-text-editor .elementor-drop-cap{float:left;text-align:center;line-height:1;font-size:50px}.elementor-widget-text-editor .elementor-drop-cap-letter{display:inline-block}<\/style>\t\t\t\t<p class=\"p1\"><b>Auf der Basis des langj\u00e4hrigen Edscha Trailer Systems Know-hows <br \/>wurde das modular aufgebaute und leichtg\u00e4ngige OpenBox Verdeck-System f\u00fcr verschiedenste professionelle Anwendungen in unterschiedlichen Industrien adaptiert.<\/b><\/p><p class=\"p1\">Dieses System erlaubt die zuverl\u00e4ssige und betriebsdichte Abdeckung trotz flexiblem Zugang f\u00fcr die Beladung von oben in Breiten bis 5m. Bei entsprechender Kopplung ist fast jede L\u00e4nge umsetzbar.<\/p><p class=\"p1\">Dabei ist die Montage durch komplett vorgefertigte Bauteile und unsere optionalen Anbauadapter sowohl auf Bauwerken als auch auf Metall-Unterbauten einfach und sicher. <span class=\"s1\">Das Faltsystem und die gew\u00e4hlte Planen-Qualit\u00e4t sorgen f\u00fcr leichten und verschlei\u00dfarmen Lauf und sind im geschlossenen Zustand f\u00fcr eine Dachlast bis zu 75 kg\/m\u00b2 ausgelegt.<\/span><\/p><p class=\"p1\">Alle metallischen Bauteile sind f\u00fcr eine lange Gebrauchsf\u00e4higkeit verzinkt \/ KTL-beschichtet. Eine komplett aus Edelstahl gefertigte Version f\u00fcr die Nutzung unter besonders anspruchsvollen Bedingungen <span class=\"s2\">(auf besonderen Wunsch) ist in Vorbereitung.<\/span><\/p><p class=\"p1\">Angebot auf Anfrage.<\/p>\t\t\t\t\t\t<\/div>\n\t\t\t\t<\/div>\n\t\t\t\t\t<\/div>\n\t\t\t\t<\/div>\n\t\t<div class=\"elementor-element elementor-element-fc60529 e-flex e-con-boxed e-con e-parent\" data-id=\"fc60529\" data-element_type=\"container\">\n\t\t\t\t\t<div class=\"e-con-inner\">\n\t\t\t\t<div class=\"elementor-element elementor-element-ba4269e elementor-align-center elementor-widget elementor-widget-button\" data-id=\"ba4269e\" data-element_type=\"widget\" data-widget_type=\"button.default\">\n\t\t\t\t<div class=\"elementor-widget-container\">\n\t\t\t\t\t<div class=\"elementor-button-wrapper\">\n\t\t\t<a class=\"elementor-button elementor-button-link elementor-size-sm\" href=\"https:\/\/expert.edschats.varion.de\/?page_id=32\">\n\t\t\t\t\t\t<span class=\"elementor-button-content-wrapper\">\n\t\t\t\t\t\t\t\t\t<span class=\"elementor-button-text\">Zur\u00fcck<\/span>\n\t\t\t\t\t<\/span>\n\t\t\t\t\t<\/a>\n\t\t<\/div>\n\t\t\t\t<\/div>\n\t\t\t\t<\/div>\n\t\t\t\t<div class=\"elementor-element elementor-element-b745eaa elementor-align-center elementor-widget elementor-widget-button\" data-id=\"b745eaa\" data-element_type=\"widget\" data-widget_type=\"button.default\">\n\t\t\t\t<div class=\"elementor-widget-container\">\n\t\t\t\t\t<div class=\"elementor-button-wrapper\">\n\t\t\t<a class=\"elementor-button elementor-button-link elementor-size-sm\" href=\"https:\/\/www.edschats.com\/produkte\/edscha-ts\/industrieanwendungen\/openbox-industry\/\" target=\"_blank\">\n\t\t\t\t\t\t<span class=\"elementor-button-content-wrapper\">\n\t\t\t\t\t\t\t\t\t<span class=\"elementor-button-text\">OpenBox Industry<\/span>\n\t\t\t\t\t<\/span>\n\t\t\t\t\t<\/a>\n\t\t<\/div>\n\t\t\t\t<\/div>\n\t\t\t\t<\/div>\n\t\t\t\t<div class=\"elementor-element elementor-element-2f8528b elementor-align-center elementor-widget elementor-widget-button\" data-id=\"2f8528b\" data-element_type=\"widget\" data-widget_type=\"button.default\">\n\t\t\t\t<div class=\"elementor-widget-container\">\n\t\t\t\t\t<div class=\"elementor-button-wrapper\">\n\t\t\t<a class=\"elementor-button elementor-button-link elementor-size-sm\" href=\"https:\/\/www.edschats.com\/kontakt1\/kontakt\/kontaktformular\/\" target=\"_blank\">\n\t\t\t\t\t\t<span class=\"elementor-button-content-wrapper\">\n\t\t\t\t\t\t\t\t\t<span class=\"elementor-button-text\">Kontakt<\/span>\n\t\t\t\t\t<\/span>\n\t\t\t\t\t<\/a>\n\t\t<\/div>\n\t\t\t\t<\/div>\n\t\t\t\t<\/div>\n\t\t\t\t\t<\/div>\n\t\t\t\t<\/div>\n\t\t<div class=\"elementor-element elementor-element-b968847 e-flex e-con-boxed e-con e-parent\" data-id=\"b968847\" data-element_type=\"container\">\n\t\t\t\t\t<div class=\"e-con-inner\">\n\t\t\t\t<div class=\"elementor-element elementor-element-4a42453 elementor-widget elementor-widget-progress\" data-id=\"4a42453\" data-element_type=\"widget\" data-widget_type=\"progress.default\">\n\t\t\t\t<div class=\"elementor-widget-container\">\n\t\t\t<style>\/*! elementor - v3.23.0 - 05-08-2024 *\/\n.elementor-widget-progress{text-align:start}.elementor-progress-wrapper{position:relative;background-color:#eee;color:#fff;height:100%;border-radius:2px}.elementor-progress-bar{display:flex;background-color:#69727d;width:0;font-size:11px;height:30px;line-height:30px;border-radius:2px;transition:width 1s ease-in-out}.elementor-progress-text{flex-grow:1;white-space:nowrap;text-overflow:ellipsis;overflow:hidden;padding-inline-start:15px}.elementor-progress-percentage{padding-inline-end:15px}.elementor-widget-progress .elementor-progress-wrapper.progress-info .elementor-progress-bar{background-color:#5bc0de}.elementor-widget-progress .elementor-progress-wrapper.progress-success .elementor-progress-bar{background-color:#5cb85c}.elementor-widget-progress .elementor-progress-wrapper.progress-warning .elementor-progress-bar{background-color:#f0ad4e}.elementor-widget-progress .elementor-progress-wrapper.progress-danger .elementor-progress-bar{background-color:#d9534f}.elementor-progress .elementor-title{display:block}@media (max-width:767px){.elementor-progress-text{padding-inline-start:10px}}.e-con-inner .elementor-progress-wrapper,.e-con .elementor-progress-wrapper{height:auto}<\/style>\n\t\t<div class=\"elementor-progress-wrapper\" role=\"progressbar\" aria-valuemin=\"0\" aria-valuemax=\"100\" aria-valuenow=\"100\">\n\t\t\t<div class=\"elementor-progress-bar\" data-max=\"100\">\n\t\t\t\t<span class=\"elementor-progress-text\"><\/span>\n\t\t\t\t\t\t\t\t\t<span class=\"elementor-progress-percentage\">100%<\/span>\n\t\t\t\t\t\t\t<\/div>\n\t\t<\/div>\n\t\t\t\t<\/div>\n\t\t\t\t<\/div>\n\t\t\t\t\t<\/div>\n\t\t\t\t<\/div>\n\t\t<div class=\"elementor-element elementor-element-49fcbe5 e-flex e-con-boxed e-con e-parent\" data-id=\"49fcbe5\" data-element_type=\"container\">\n\t\t\t\t\t<div class=\"e-con-inner\">\n\t\t\t\t<div class=\"elementor-element elementor-element-a9d19c9 elementor-widget elementor-widget-heading\" data-id=\"a9d19c9\" data-element_type=\"widget\" data-widget_type=\"heading.default\">\n\t\t\t\t<div class=\"elementor-widget-container\">\n\t\t\t<h2 class=\"elementor-heading-title elementor-size-default\">Ihre Auswahl<\/h2>\t\t<\/div>\n\t\t\t\t<\/div>\n\t\t\t\t<div class=\"elementor-element elementor-element-973ed0e elementor-widget elementor-widget-text-editor\" data-id=\"973ed0e\" data-element_type=\"widget\" data-widget_type=\"text-editor.default\">\n\t\t\t\t<div class=\"elementor-widget-container\">\n\t\t\t\t\t\t\t<p><a href=\"https:\/\/expert.edschats.varion.de\/?page_id=8\">Station\u00e4r<\/a> &#8211; <a href=\"https:\/\/expert.edschats.varion.de\/?page_id=32\">Abdeckung von Fl\u00e4chen\/ Objekten\/ G\u00fctern\/ Tieren<\/a><\/p>\t\t\t\t\t\t<\/div>\n\t\t\t\t<\/div>\n\t\t\t\t\t<\/div>\n\t\t\t\t<\/div>\n\t\t\t\t<\/div>\n\t\t","protected":false},"excerpt":{"rendered":"<p>Das Ergebnis Ihrer Auswahl: Planenverdecksystem OpenBox Industry Auf der Basis des langj\u00e4hrigen Edscha Trailer Systems Know-hows wurde das modular aufgebaute und leichtg\u00e4ngige OpenBox Verdeck-System f\u00fcr verschiedenste professionelle Anwendungen in unterschiedlichen Industrien adaptiert. Dieses System erlaubt die zuverl\u00e4ssige und betriebsdichte Abdeckung trotz flexiblem Zugang f\u00fcr die Beladung von oben in Breiten bis 5m. Bei entsprechender Kopplung [&hellip;]<\/p>\n","protected":false},"author":1,"featured_media":0,"parent":0,"menu_order":0,"comment_status":"closed","ping_status":"closed","template":"","meta":{"footnotes":""},"class_list":["post-37","page","type-page","status-publish","hentry"],"_links":{"self":[{"href":"https:\/\/expert.edschats.varion.de\/index.php?rest_route=\/wp\/v2\/pages\/37","targetHints":{"allow":["GET"]}}],"collection":[{"href":"https:\/\/expert.edschats.varion.de\/index.php?rest_route=\/wp\/v2\/pages"}],"about":[{"href":"https:\/\/expert.edschats.varion.de\/index.php?rest_route=\/wp\/v2\/types\/page"}],"author":[{"embeddable":true,"href":"https:\/\/expert.edschats.varion.de\/index.php?rest_route=\/wp\/v2\/users\/1"}],"replies":[{"embeddable":true,"href":"https:\/\/expert.edschats.varion.de\/index.php?rest_route=%2Fwp%2Fv2%2Fcomments&post=37"}],"version-history":[{"count":26,"href":"https:\/\/expert.edschats.varion.de\/index.php?rest_route=\/wp\/v2\/pages\/37\/revisions"}],"predecessor-version":[{"id":1412,"href":"https:\/\/expert.edschats.varion.de\/index.php?rest_route=\/wp\/v2\/pages\/37\/revisions\/1412"}],"wp:attachment":[{"href":"https:\/\/expert.edschats.varion.de\/index.php?rest_route=%2Fwp%2Fv2%2Fmedia&parent=37"}],"curies":[{"name":"wp","href":"https:\/\/api.w.org\/{rel}","templated":true}]}}