{"id":507,"date":"2024-08-14T11:51:03","date_gmt":"2024-08-14T11:51:03","guid":{"rendered":"https:\/\/expert.edschats.varion.de\/?page_id=507"},"modified":"2024-08-15T10:34:52","modified_gmt":"2024-08-15T10:34:52","slug":"bahn-vollplane-tabelle-vergleich","status":"publish","type":"page","link":"https:\/\/expert.edschats.varion.de\/?page_id=507","title":{"rendered":"Bahn Vollplane Tabelle Vergleich"},"content":{"rendered":"\t\t<div data-elementor-type=\"wp-page\" data-elementor-id=\"507\" class=\"elementor elementor-507\">\n\t\t\t\t<div class=\"elementor-element elementor-element-0d3c8db e-flex e-con-boxed e-con e-parent\" data-id=\"0d3c8db\" data-element_type=\"container\">\n\t\t\t\t\t<div class=\"e-con-inner\">\n\t\t\t\t<div class=\"elementor-element elementor-element-28d4a6e elementor-widget elementor-widget-heading\" data-id=\"28d4a6e\" data-element_type=\"widget\" data-widget_type=\"heading.default\">\n\t\t\t\t<div class=\"elementor-widget-container\">\n\t\t\t<style>\/*! elementor - v3.23.0 - 05-08-2024 *\/\n.elementor-heading-title{padding:0;margin:0;line-height:1}.elementor-widget-heading .elementor-heading-title[class*=elementor-size-]>a{color:inherit;font-size:inherit;line-height:inherit}.elementor-widget-heading .elementor-heading-title.elementor-size-small{font-size:15px}.elementor-widget-heading .elementor-heading-title.elementor-size-medium{font-size:19px}.elementor-widget-heading .elementor-heading-title.elementor-size-large{font-size:29px}.elementor-widget-heading .elementor-heading-title.elementor-size-xl{font-size:39px}.elementor-widget-heading .elementor-heading-title.elementor-size-xxl{font-size:59px}<\/style><h2 class=\"elementor-heading-title elementor-size-default\">Unsere Vollplane DB Modulsystem Verdecktypen im Vergleich<\/h2>\t\t<\/div>\n\t\t\t\t<\/div>\n\t\t\t\t<div class=\"elementor-element elementor-element-a54df1c elementor-widget elementor-widget-heading\" data-id=\"a54df1c\" data-element_type=\"widget\" data-widget_type=\"heading.default\">\n\t\t\t\t<div class=\"elementor-widget-container\">\n\t\t\t<h3 class=\"elementor-heading-title elementor-size-default\">Verdecktypen<\/h3>\t\t<\/div>\n\t\t\t\t<\/div>\n\t\t\t\t\t<\/div>\n\t\t\t\t<\/div>\n\t\t<div class=\"elementor-element elementor-element-af1685e e-flex e-con-boxed e-con e-parent\" data-id=\"af1685e\" data-element_type=\"container\">\n\t\t\t\t\t<div class=\"e-con-inner\">\n\t\t\t\t<div class=\"elementor-element elementor-element-52195f1 elementor-widget elementor-widget-htmega-datatable-addons\" data-id=\"52195f1\" data-element_type=\"widget\" data-widget_type=\"htmega-datatable-addons.default\">\n\t\t\t\t<div class=\"elementor-widget-container\">\n\t\t\t        <div class=\"htmega-table-style htmega-table-style-3 htb-table-responsive\">\n            <table class=\"htb-table \">\n                                    <thead>\n                        <tr>\n                            <th class='elementor-repeater-item-af7c6e8'><\/th><th class='elementor-repeater-item-b668da9'>VP-Profi DB<\/th><th class='elementor-repeater-item-024d603'>VP-Standard DB<\/th>                        <\/tr>\n                    <\/thead>\n                                <tbody>\n                                            <tr>\n                            <td class=\"elementor-repeater-item-b94de6c\" >TIR<\/td><td class=\"elementor-repeater-item-ea5b936\" ><div class=\"elementor-repeater-item-ea5b936\"><i aria-hidden=\"false\" class=\"fas fa-check\"><\/i><\/div><\/td><td class=\"elementor-repeater-item-aee9d5f\" ><div class=\"elementor-repeater-item-aee9d5f\"><i aria-hidden=\"false\" class=\"fas fa-check\"><\/i><\/div><\/td>                        <\/tr>\n                                            <tr>\n                            <td class=\"elementor-repeater-item-36c46c9\" >Intermodal nach EN 283<\/td><td class=\"elementor-repeater-item-5b14cfb\" ><div class=\"elementor-repeater-item-5b14cfb\"><i aria-hidden=\"false\" class=\"fas fa-check\"><\/i><\/div><\/td><td class=\"elementor-repeater-item-8eef132\" ><div class=\"elementor-repeater-item-8eef132\"><i aria-hidden=\"false\" class=\"fas fa-check\"><\/i><\/div><\/td>                        <\/tr>\n                                    <\/tbody>\n            <\/table>\n        <\/div>\n        \t\t<\/div>\n\t\t\t\t<\/div>\n\t\t\t\t\t<\/div>\n\t\t\t\t<\/div>\n\t\t<div class=\"elementor-element elementor-element-015f6b3 e-flex e-con-boxed e-con e-parent\" data-id=\"015f6b3\" data-element_type=\"container\">\n\t\t\t\t\t<div class=\"e-con-inner\">\n\t\t\t\t<div class=\"elementor-element elementor-element-995b0eb elementor-widget elementor-widget-heading\" data-id=\"995b0eb\" data-element_type=\"widget\" data-widget_type=\"heading.default\">\n\t\t\t\t<div class=\"elementor-widget-container\">\n\t\t\t<h2 class=\"elementor-heading-title elementor-size-default\">Beladung von oben<\/h2>\t\t<\/div>\n\t\t\t\t<\/div>\n\t\t\t\t\t<\/div>\n\t\t\t\t<\/div>\n\t\t<div class=\"elementor-element elementor-element-218c7f9 e-flex e-con-boxed e-con e-parent\" data-id=\"218c7f9\" data-element_type=\"container\">\n\t\t\t\t\t<div class=\"e-con-inner\">\n\t\t\t\t<div class=\"elementor-element elementor-element-eaee3eb elementor-widget elementor-widget-htmega-datatable-addons\" data-id=\"eaee3eb\" data-element_type=\"widget\" data-widget_type=\"htmega-datatable-addons.default\">\n\t\t\t\t<div class=\"elementor-widget-container\">\n\t\t\t        <div class=\"htmega-table-style htmega-table-style-3 htb-table-responsive\">\n            <table class=\"htb-table \">\n                                    <thead>\n                        <tr>\n                            <th class='elementor-repeater-item-af7c6e8'><\/th><th class='elementor-repeater-item-b668da9'>VP-Profi DB<\/th><th class='elementor-repeater-item-024d603'>VP-Standard DB<\/th>                        <\/tr>\n                    <\/thead>\n                                <tbody>\n                                            <tr>\n                            <td class=\"elementor-repeater-item-b94de6c\" >T\u00e4glich \/ h\u00e4ufig<\/td><td class=\"elementor-repeater-item-ea5b936\" ><div class=\"elementor-repeater-item-ea5b936\"><i aria-hidden=\"false\" class=\"fas fa-check\"><\/i><\/div><\/td><td class=\"elementor-repeater-item-aee9d5f\" ><div class=\"elementor-repeater-item-aee9d5f\"><i aria-hidden=\"false\" class=\"fas fa-check\"><\/i><\/div><\/td>                        <\/tr>\n                                            <tr>\n                            <td class=\"elementor-repeater-item-36c46c9\" >Auch nach Standzeit im Freien<\/td><td class=\"elementor-repeater-item-5b14cfb\" ><div class=\"elementor-repeater-item-5b14cfb\"><i aria-hidden=\"false\" class=\"fas fa-check\"><\/i><\/div><\/td><td class=\"elementor-repeater-item-8eef132\" ><div class=\"elementor-repeater-item-8eef132\"><\/div><\/td>                        <\/tr>\n                                            <tr>\n                            <td class=\"elementor-repeater-item-664f210\" >Gelegentlich &amp; trocken<\/td><td class=\"elementor-repeater-item-9415611\" ><div class=\"elementor-repeater-item-9415611\"><i aria-hidden=\"false\" class=\"fas fa-check\"><\/i><\/div><\/td><td class=\"elementor-repeater-item-6b65070\" ><div class=\"elementor-repeater-item-6b65070\"><i aria-hidden=\"false\" class=\"fas fa-check\"><\/i><\/div><\/td>                        <\/tr>\n                                    <\/tbody>\n            <\/table>\n        <\/div>\n        \t\t<\/div>\n\t\t\t\t<\/div>\n\t\t\t\t\t<\/div>\n\t\t\t\t<\/div>\n\t\t<div class=\"elementor-element elementor-element-f394a82 e-flex e-con-boxed e-con e-parent\" data-id=\"f394a82\" data-element_type=\"container\">\n\t\t\t\t\t<div class=\"e-con-inner\">\n\t\t\t\t<div class=\"elementor-element elementor-element-5836a44 elementor-widget elementor-widget-button\" data-id=\"5836a44\" data-element_type=\"widget\" data-widget_type=\"button.default\">\n\t\t\t\t<div class=\"elementor-widget-container\">\n\t\t\t\t\t<div class=\"elementor-button-wrapper\">\n\t\t\t<a class=\"elementor-button elementor-button-link elementor-size-sm\" href=\"https:\/\/www.edschats.com\/produkte\/edscha-ts\/nutzfahrzeug---verdecksysteme\/vollplanenverdecke\/edscha-ts-vp-profi-neu\/\" target=\"_blank\">\n\t\t\t\t\t\t<span class=\"elementor-button-content-wrapper\">\n\t\t\t\t\t\t\t\t\t<span class=\"elementor-button-text\">VP-Profi<\/span>\n\t\t\t\t\t<\/span>\n\t\t\t\t\t<\/a>\n\t\t<\/div>\n\t\t\t\t<\/div>\n\t\t\t\t<\/div>\n\t\t\t\t<div class=\"elementor-element elementor-element-85690d8 elementor-widget elementor-widget-button\" data-id=\"85690d8\" data-element_type=\"widget\" data-widget_type=\"button.default\">\n\t\t\t\t<div class=\"elementor-widget-container\">\n\t\t\t\t\t<div class=\"elementor-button-wrapper\">\n\t\t\t<a class=\"elementor-button elementor-button-link elementor-size-sm\" href=\"https:\/\/www.edschats.com\/produkte\/edscha-ts\/nutzfahrzeug---verdecksysteme\/vollplanenverdecke\/edscha-ts-vp-standard-neu\/\" target=\"_blank\">\n\t\t\t\t\t\t<span class=\"elementor-button-content-wrapper\">\n\t\t\t\t\t\t\t\t\t<span class=\"elementor-button-text\">VP-Standard<\/span>\n\t\t\t\t\t<\/span>\n\t\t\t\t\t<\/a>\n\t\t<\/div>\n\t\t\t\t<\/div>\n\t\t\t\t<\/div>\n\t\t\t\t\t<\/div>\n\t\t\t\t<\/div>\n\t\t<div class=\"elementor-element elementor-element-26ce70d e-flex e-con-boxed e-con e-parent\" data-id=\"26ce70d\" data-element_type=\"container\">\n\t\t\t\t\t<div class=\"e-con-inner\">\n\t\t\t\t<div class=\"elementor-element elementor-element-f87d802 elementor-widget elementor-widget-heading\" data-id=\"f87d802\" data-element_type=\"widget\" data-widget_type=\"heading.default\">\n\t\t\t\t<div class=\"elementor-widget-container\">\n\t\t\t<h2 class=\"elementor-heading-title elementor-size-default\">Beladung von der Seite \n(kombinierbar mit allen Verdecktypen)<\/h2>\t\t<\/div>\n\t\t\t\t<\/div>\n\t\t\t\t\t<\/div>\n\t\t\t\t<\/div>\n\t\t<div class=\"elementor-element elementor-element-3abc416 e-flex e-con-boxed e-con e-parent\" data-id=\"3abc416\" data-element_type=\"container\">\n\t\t\t\t\t<div class=\"e-con-inner\">\n\t\t\t\t<div class=\"elementor-element elementor-element-a24190b elementor-widget elementor-widget-htmega-datatable-addons\" data-id=\"a24190b\" data-element_type=\"widget\" data-widget_type=\"htmega-datatable-addons.default\">\n\t\t\t\t<div class=\"elementor-widget-container\">\n\t\t\t        <div class=\"htmega-table-style htmega-table-style-3 htb-table-responsive\">\n            <table class=\"htb-table \">\n                                    <thead>\n                        <tr>\n                            <th class='elementor-repeater-item-1e719ba'><\/th><th class='elementor-repeater-item-6a79023'>Portalbalken<\/th><th class='elementor-repeater-item-04162ce'>Endspriegel<\/th><th class='elementor-repeater-item-93b8aff'>TailWing<\/th>                        <\/tr>\n                    <\/thead>\n                                <tbody>\n                                            <tr>\n                            <td class=\"elementor-repeater-item-b94de6c\" >Containert\u00fcr<\/td><td class=\"elementor-repeater-item-ea5b936\" ><div class=\"elementor-repeater-item-ea5b936\"><i aria-hidden=\"false\" class=\"fas fa-check\"><\/i><\/div><\/td><td class=\"elementor-repeater-item-aee9d5f\" ><div class=\"elementor-repeater-item-aee9d5f\"><\/div><\/td><td class=\"elementor-repeater-item-3dc4a8f\" ><div class=\"elementor-repeater-item-3dc4a8f\"><\/div><\/td>                        <\/tr>\n                                            <tr>\n                            <td class=\"elementor-repeater-item-0b29fed\" >Softdoor<\/td><td class=\"elementor-repeater-item-c89b350\" ><div class=\"elementor-repeater-item-c89b350\"><\/div><\/td><td class=\"elementor-repeater-item-1216a80\" ><div class=\"elementor-repeater-item-1216a80\"><i aria-hidden=\"false\" class=\"fas fa-check\"><\/i><\/div><\/td><td class=\"elementor-repeater-item-b756ac7\" ><div class=\"elementor-repeater-item-b756ac7\"><\/div><\/td>                        <\/tr>\n                                            <tr>\n                            <td class=\"elementor-repeater-item-36c46c9\" >Hebeb\u00fchne<\/td><td class=\"elementor-repeater-item-8eef132\" ><div class=\"elementor-repeater-item-8eef132\"><\/div><\/td><td class=\"elementor-repeater-item-0eee427\" ><div class=\"elementor-repeater-item-0eee427\"><\/div><\/td><td class=\"elementor-repeater-item-5b14cfb\" ><div class=\"elementor-repeater-item-5b14cfb\"><i aria-hidden=\"false\" class=\"fas fa-check\"><\/i><\/div><\/td>                        <\/tr>\n                                    <\/tbody>\n            <\/table>\n        <\/div>\n        \t\t<\/div>\n\t\t\t\t<\/div>\n\t\t\t\t\t<\/div>\n\t\t\t\t<\/div>\n\t\t<div class=\"elementor-element elementor-element-1a5e525 e-flex e-con-boxed e-con e-parent\" data-id=\"1a5e525\" data-element_type=\"container\">\n\t\t\t\t\t<div class=\"e-con-inner\">\n\t\t\t\t<div class=\"elementor-element elementor-element-6e3a33a elementor-align-left elementor-widget elementor-widget-button\" data-id=\"6e3a33a\" data-element_type=\"widget\" data-widget_type=\"button.default\">\n\t\t\t\t<div class=\"elementor-widget-container\">\n\t\t\t\t\t<div class=\"elementor-button-wrapper\">\n\t\t\t<a class=\"elementor-button elementor-button-link elementor-size-sm\" href=\"https:\/\/expert.edschats.varion.de\/?page_id=356\">\n\t\t\t\t\t\t<span class=\"elementor-button-content-wrapper\">\n\t\t\t\t\t\t\t\t\t<span class=\"elementor-button-text\">Zur\u00fcck<\/span>\n\t\t\t\t\t<\/span>\n\t\t\t\t\t<\/a>\n\t\t<\/div>\n\t\t\t\t<\/div>\n\t\t\t\t<\/div>\n\t\t\t\t<div class=\"elementor-element elementor-element-eafd806 elementor-align-right elementor-widget elementor-widget-button\" data-id=\"eafd806\" data-element_type=\"widget\" data-widget_type=\"button.default\">\n\t\t\t\t<div class=\"elementor-widget-container\">\n\t\t\t\t\t<div class=\"elementor-button-wrapper\">\n\t\t\t<a class=\"elementor-button elementor-button-link elementor-size-sm\" href=\"https:\/\/www.edschats.com\/kontakt1\/kontakt\/kontaktformular\/\" target=\"_blank\">\n\t\t\t\t\t\t<span class=\"elementor-button-content-wrapper\">\n\t\t\t\t\t\t\t\t\t<span class=\"elementor-button-text\">Kontakt aufnehmen<\/span>\n\t\t\t\t\t<\/span>\n\t\t\t\t\t<\/a>\n\t\t<\/div>\n\t\t\t\t<\/div>\n\t\t\t\t<\/div>\n\t\t\t\t\t<\/div>\n\t\t\t\t<\/div>\n\t\t<div class=\"elementor-element elementor-element-534203b e-flex e-con-boxed e-con e-parent\" data-id=\"534203b\" data-element_type=\"container\">\n\t\t\t\t\t<div class=\"e-con-inner\">\n\t\t\t\t<div class=\"elementor-element elementor-element-107fa64 elementor-widget elementor-widget-progress\" data-id=\"107fa64\" data-element_type=\"widget\" data-widget_type=\"progress.default\">\n\t\t\t\t<div class=\"elementor-widget-container\">\n\t\t\t<style>\/*! elementor - v3.23.0 - 05-08-2024 *\/\n.elementor-widget-progress{text-align:start}.elementor-progress-wrapper{position:relative;background-color:#eee;color:#fff;height:100%;border-radius:2px}.elementor-progress-bar{display:flex;background-color:#69727d;width:0;font-size:11px;height:30px;line-height:30px;border-radius:2px;transition:width 1s ease-in-out}.elementor-progress-text{flex-grow:1;white-space:nowrap;text-overflow:ellipsis;overflow:hidden;padding-inline-start:15px}.elementor-progress-percentage{padding-inline-end:15px}.elementor-widget-progress .elementor-progress-wrapper.progress-info .elementor-progress-bar{background-color:#5bc0de}.elementor-widget-progress .elementor-progress-wrapper.progress-success .elementor-progress-bar{background-color:#5cb85c}.elementor-widget-progress .elementor-progress-wrapper.progress-warning .elementor-progress-bar{background-color:#f0ad4e}.elementor-widget-progress .elementor-progress-wrapper.progress-danger .elementor-progress-bar{background-color:#d9534f}.elementor-progress .elementor-title{display:block}@media (max-width:767px){.elementor-progress-text{padding-inline-start:10px}}.e-con-inner .elementor-progress-wrapper,.e-con .elementor-progress-wrapper{height:auto}<\/style>\n\t\t<div class=\"elementor-progress-wrapper\" role=\"progressbar\" aria-valuemin=\"0\" aria-valuemax=\"100\" aria-valuenow=\"100\">\n\t\t\t<div class=\"elementor-progress-bar\" data-max=\"100\">\n\t\t\t\t<span class=\"elementor-progress-text\"><\/span>\n\t\t\t\t\t\t\t\t\t<span class=\"elementor-progress-percentage\">100%<\/span>\n\t\t\t\t\t\t\t<\/div>\n\t\t<\/div>\n\t\t\t\t<\/div>\n\t\t\t\t<\/div>\n\t\t\t\t\t<\/div>\n\t\t\t\t<\/div>\n\t\t\t\t<\/div>\n\t\t","protected":false},"excerpt":{"rendered":"<p>Unsere Vollplane DB Modulsystem Verdecktypen im Vergleich Verdecktypen VP-Profi DB VP-Standard DB TIR Intermodal nach EN 283 Beladung von oben VP-Profi DB VP-Standard DB T\u00e4glich \/ h\u00e4ufig Auch nach Standzeit im Freien Gelegentlich &amp; trocken VP-Profi VP-Standard Beladung von der Seite (kombinierbar mit allen Verdecktypen) Portalbalken Endspriegel TailWing Containert\u00fcr Softdoor Hebeb\u00fchne Zur\u00fcck Kontakt aufnehmen 100%<\/p>\n","protected":false},"author":1,"featured_media":0,"parent":0,"menu_order":0,"comment_status":"closed","ping_status":"closed","template":"","meta":{"footnotes":""},"class_list":["post-507","page","type-page","status-publish","hentry"],"_links":{"self":[{"href":"https:\/\/expert.edschats.varion.de\/index.php?rest_route=\/wp\/v2\/pages\/507","targetHints":{"allow":["GET"]}}],"collection":[{"href":"https:\/\/expert.edschats.varion.de\/index.php?rest_route=\/wp\/v2\/pages"}],"about":[{"href":"https:\/\/expert.edschats.varion.de\/index.php?rest_route=\/wp\/v2\/types\/page"}],"author":[{"embeddable":true,"href":"https:\/\/expert.edschats.varion.de\/index.php?rest_route=\/wp\/v2\/users\/1"}],"replies":[{"embeddable":true,"href":"https:\/\/expert.edschats.varion.de\/index.php?rest_route=%2Fwp%2Fv2%2Fcomments&post=507"}],"version-history":[{"count":19,"href":"https:\/\/expert.edschats.varion.de\/index.php?rest_route=\/wp\/v2\/pages\/507\/revisions"}],"predecessor-version":[{"id":847,"href":"https:\/\/expert.edschats.varion.de\/index.php?rest_route=\/wp\/v2\/pages\/507\/revisions\/847"}],"wp:attachment":[{"href":"https:\/\/expert.edschats.varion.de\/index.php?rest_route=%2Fwp%2Fv2%2Fmedia&parent=507"}],"curies":[{"name":"wp","href":"https:\/\/api.w.org\/{rel}","templated":true}]}}