{"id":99,"date":"2024-08-13T08:32:58","date_gmt":"2024-08-13T08:32:58","guid":{"rendered":"https:\/\/expert.edschats.varion.de\/?page_id=99"},"modified":"2024-08-19T09:41:17","modified_gmt":"2024-08-19T09:41:17","slug":"uebersichtsseite-sb-profi-hauptmarkt-strecke","status":"publish","type":"page","link":"https:\/\/expert.edschats.varion.de\/?page_id=99","title":{"rendered":"\u00dcbersichtsseite SB-Profi Hauptmarkt Strecke"},"content":{"rendered":"\t\t<div data-elementor-type=\"wp-page\" data-elementor-id=\"99\" class=\"elementor elementor-99\">\n\t\t\t\t<div class=\"elementor-element elementor-element-0d3c8db e-flex e-con-boxed e-con e-parent\" data-id=\"0d3c8db\" data-element_type=\"container\">\n\t\t\t\t\t<div class=\"e-con-inner\">\n\t\t\t\t<div class=\"elementor-element elementor-element-28d4a6e elementor-widget elementor-widget-heading\" data-id=\"28d4a6e\" data-element_type=\"widget\" data-widget_type=\"heading.default\">\n\t\t\t\t<div class=\"elementor-widget-container\">\n\t\t\t<style>\/*! elementor - v3.23.0 - 05-08-2024 *\/\n.elementor-heading-title{padding:0;margin:0;line-height:1}.elementor-widget-heading .elementor-heading-title[class*=elementor-size-]>a{color:inherit;font-size:inherit;line-height:inherit}.elementor-widget-heading .elementor-heading-title.elementor-size-small{font-size:15px}.elementor-widget-heading .elementor-heading-title.elementor-size-medium{font-size:19px}.elementor-widget-heading .elementor-heading-title.elementor-size-large{font-size:29px}.elementor-widget-heading .elementor-heading-title.elementor-size-xl{font-size:39px}.elementor-widget-heading .elementor-heading-title.elementor-size-xxl{font-size:59px}<\/style><h2 class=\"elementor-heading-title elementor-size-default\">Das Ergebnis Ihrer Auswahl:\nPlanenverdecksystem Schiebeb\u00fcgel SB-Profi<\/h2>\t\t<\/div>\n\t\t\t\t<\/div>\n\t\t\t\t\t<\/div>\n\t\t\t\t<\/div>\n\t\t<div class=\"elementor-element elementor-element-3d0fdfb e-flex e-con-boxed e-con e-parent\" data-id=\"3d0fdfb\" data-element_type=\"container\">\n\t\t\t\t\t<div class=\"e-con-inner\">\n\t\t\t\t<div class=\"elementor-element elementor-element-0117591 elementor-widget elementor-widget-image\" data-id=\"0117591\" data-element_type=\"widget\" data-widget_type=\"image.default\">\n\t\t\t\t<div class=\"elementor-widget-container\">\n\t\t\t<style>\/*! elementor - v3.23.0 - 05-08-2024 *\/\n.elementor-widget-image{text-align:center}.elementor-widget-image a{display:inline-block}.elementor-widget-image a img[src$=\".svg\"]{width:48px}.elementor-widget-image img{vertical-align:middle;display:inline-block}<\/style>\t\t\t\t\t\t\t\t\t\t<img fetchpriority=\"high\" decoding=\"async\" width=\"900\" height=\"600\" src=\"https:\/\/expert.edschats.varion.de\/wp-content\/uploads\/2024\/08\/SB-Profi.jpg\" class=\"attachment-large size-large wp-image-1056\" alt=\"\" srcset=\"https:\/\/expert.edschats.varion.de\/wp-content\/uploads\/2024\/08\/SB-Profi.jpg 900w, https:\/\/expert.edschats.varion.de\/wp-content\/uploads\/2024\/08\/SB-Profi-300x200.jpg 300w, https:\/\/expert.edschats.varion.de\/wp-content\/uploads\/2024\/08\/SB-Profi-768x512.jpg 768w\" sizes=\"(max-width: 900px) 100vw, 900px\" \/>\t\t\t\t\t\t\t\t\t\t\t\t\t<\/div>\n\t\t\t\t<\/div>\n\t\t\t\t\t<\/div>\n\t\t\t\t<\/div>\n\t\t<div class=\"elementor-element elementor-element-861af2e e-flex e-con-boxed e-con e-parent\" data-id=\"861af2e\" data-element_type=\"container\">\n\t\t\t\t\t<div class=\"e-con-inner\">\n\t\t\t\t<div class=\"elementor-element elementor-element-1bfcb17 elementor-widget elementor-widget-text-editor\" data-id=\"1bfcb17\" data-element_type=\"widget\" data-widget_type=\"text-editor.default\">\n\t\t\t\t<div class=\"elementor-widget-container\">\n\t\t\t<style>\/*! elementor - v3.23.0 - 05-08-2024 *\/\n.elementor-widget-text-editor.elementor-drop-cap-view-stacked .elementor-drop-cap{background-color:#69727d;color:#fff}.elementor-widget-text-editor.elementor-drop-cap-view-framed .elementor-drop-cap{color:#69727d;border:3px solid;background-color:transparent}.elementor-widget-text-editor:not(.elementor-drop-cap-view-default) .elementor-drop-cap{margin-top:8px}.elementor-widget-text-editor:not(.elementor-drop-cap-view-default) .elementor-drop-cap-letter{width:1em;height:1em}.elementor-widget-text-editor .elementor-drop-cap{float:left;text-align:center;line-height:1;font-size:50px}.elementor-widget-text-editor .elementor-drop-cap-letter{display:inline-block}<\/style>\t\t\t\t<p><strong>F\u00fcr Fahrzeuge ohne Aufbau aber mit Planenabdeckung<br \/><\/strong>Mit der Einf\u00fchrung von Spannratschen und universellen Spanngurten konnte bei bestimmten G\u00fctern auf Bordw\u00e4nde verzichtet werden. Zum Schutz vor Witterungseinfl\u00fcssen wurde eine Wurfplane umlaufend am Rahmen verzurrt. Lange bekannte Planentragstrukturen aus Rohrb\u00fcgeln dienten als Grundlage f\u00fcr die Entwicklung eines flexiblen Schiebeb\u00fcgelaufbaus, der sowohl eine schnelle seitliche Beladung als auch eine einfache Beladung per Kran m\u00f6glich macht. Die m\u00fchsame und zeitaufw\u00e4ndige Planenverzurrung entf\u00e4llt. Im Bahnsektor und in vielen amerikanisch gepr\u00e4gten M\u00e4rkten haben Schiebeb\u00fcgelsysteme eine starke Verbreitung.<strong><br \/><\/strong><\/p>\t\t\t\t\t\t<\/div>\n\t\t\t\t<\/div>\n\t\t\t\t\t<\/div>\n\t\t\t\t<\/div>\n\t\t<div class=\"elementor-element elementor-element-fc60529 e-flex e-con-boxed e-con e-parent\" data-id=\"fc60529\" data-element_type=\"container\">\n\t\t\t\t\t<div class=\"e-con-inner\">\n\t\t<div class=\"elementor-element elementor-element-0637919 e-con-full e-flex e-con e-child\" data-id=\"0637919\" data-element_type=\"container\">\n\t\t\t\t<div class=\"elementor-element elementor-element-ba4269e elementor-align-center elementor-widget elementor-widget-button\" data-id=\"ba4269e\" data-element_type=\"widget\" data-widget_type=\"button.default\">\n\t\t\t\t<div class=\"elementor-widget-container\">\n\t\t\t\t\t<div class=\"elementor-button-wrapper\">\n\t\t\t<a class=\"elementor-button elementor-button-link elementor-size-sm\" href=\"https:\/\/expert.edschats.varion.de\/?page_id=75\">\n\t\t\t\t\t\t<span class=\"elementor-button-content-wrapper\">\n\t\t\t\t\t\t\t\t\t<span class=\"elementor-button-text\">Zur\u00fcck<\/span>\n\t\t\t\t\t<\/span>\n\t\t\t\t\t<\/a>\n\t\t<\/div>\n\t\t\t\t<\/div>\n\t\t\t\t<\/div>\n\t\t\t\t<\/div>\n\t\t<div class=\"elementor-element elementor-element-ce22557 e-con-full e-flex e-con e-child\" data-id=\"ce22557\" data-element_type=\"container\">\n\t\t\t\t<div class=\"elementor-element elementor-element-e790793 elementor-align-right elementor-widget elementor-widget-button\" data-id=\"e790793\" data-element_type=\"widget\" data-widget_type=\"button.default\">\n\t\t\t\t<div class=\"elementor-widget-container\">\n\t\t\t\t\t<div class=\"elementor-button-wrapper\">\n\t\t\t<a class=\"elementor-button elementor-button-link elementor-size-sm\" href=\"https:\/\/www.edschats.com\/produkte\/edscha-ts\/nutzfahrzeug---verdecksysteme\/schiebebugelverdecke\/\" target=\"_blank\">\n\t\t\t\t\t\t<span class=\"elementor-button-content-wrapper\">\n\t\t\t\t\t\t\t\t\t<span class=\"elementor-button-text\">SB-Profi<\/span>\n\t\t\t\t\t<\/span>\n\t\t\t\t\t<\/a>\n\t\t<\/div>\n\t\t\t\t<\/div>\n\t\t\t\t<\/div>\n\t\t\t\t<\/div>\n\t\t<div class=\"elementor-element elementor-element-03fcc02 e-con-full e-flex e-con e-child\" data-id=\"03fcc02\" data-element_type=\"container\">\n\t\t\t\t<div class=\"elementor-element elementor-element-21cbdce elementor-align-right elementor-widget elementor-widget-button\" data-id=\"21cbdce\" data-element_type=\"widget\" data-widget_type=\"button.default\">\n\t\t\t\t<div class=\"elementor-widget-container\">\n\t\t\t\t\t<div class=\"elementor-button-wrapper\">\n\t\t\t<a class=\"elementor-button elementor-button-link elementor-size-sm\" href=\"https:\/\/www.edschats.com\/kontakt1\/kontakt\/kontaktformular\/\" target=\"_blank\">\n\t\t\t\t\t\t<span class=\"elementor-button-content-wrapper\">\n\t\t\t\t\t\t\t\t\t<span class=\"elementor-button-text\">Kontakt<\/span>\n\t\t\t\t\t<\/span>\n\t\t\t\t\t<\/a>\n\t\t<\/div>\n\t\t\t\t<\/div>\n\t\t\t\t<\/div>\n\t\t\t\t<\/div>\n\t\t\t\t\t<\/div>\n\t\t\t\t<\/div>\n\t\t<div class=\"elementor-element elementor-element-357fc34 e-flex e-con-boxed e-con e-parent\" data-id=\"357fc34\" data-element_type=\"container\">\n\t\t\t\t\t<div class=\"e-con-inner\">\n\t\t\t\t<div class=\"elementor-element elementor-element-b8d3d74 elementor-widget elementor-widget-progress\" data-id=\"b8d3d74\" data-element_type=\"widget\" data-widget_type=\"progress.default\">\n\t\t\t\t<div class=\"elementor-widget-container\">\n\t\t\t<style>\/*! elementor - v3.23.0 - 05-08-2024 *\/\n.elementor-widget-progress{text-align:start}.elementor-progress-wrapper{position:relative;background-color:#eee;color:#fff;height:100%;border-radius:2px}.elementor-progress-bar{display:flex;background-color:#69727d;width:0;font-size:11px;height:30px;line-height:30px;border-radius:2px;transition:width 1s ease-in-out}.elementor-progress-text{flex-grow:1;white-space:nowrap;text-overflow:ellipsis;overflow:hidden;padding-inline-start:15px}.elementor-progress-percentage{padding-inline-end:15px}.elementor-widget-progress .elementor-progress-wrapper.progress-info .elementor-progress-bar{background-color:#5bc0de}.elementor-widget-progress .elementor-progress-wrapper.progress-success .elementor-progress-bar{background-color:#5cb85c}.elementor-widget-progress .elementor-progress-wrapper.progress-warning .elementor-progress-bar{background-color:#f0ad4e}.elementor-widget-progress .elementor-progress-wrapper.progress-danger .elementor-progress-bar{background-color:#d9534f}.elementor-progress .elementor-title{display:block}@media (max-width:767px){.elementor-progress-text{padding-inline-start:10px}}.e-con-inner .elementor-progress-wrapper,.e-con .elementor-progress-wrapper{height:auto}<\/style>\n\t\t<div class=\"elementor-progress-wrapper\" role=\"progressbar\" aria-valuemin=\"0\" aria-valuemax=\"100\" aria-valuenow=\"100\">\n\t\t\t<div class=\"elementor-progress-bar\" data-max=\"100\">\n\t\t\t\t<span class=\"elementor-progress-text\"><\/span>\n\t\t\t\t\t\t\t\t\t<span class=\"elementor-progress-percentage\">100%<\/span>\n\t\t\t\t\t\t\t<\/div>\n\t\t<\/div>\n\t\t\t\t<\/div>\n\t\t\t\t<\/div>\n\t\t\t\t\t<\/div>\n\t\t\t\t<\/div>\n\t\t<div class=\"elementor-element elementor-element-422f69d e-flex e-con-boxed e-con e-parent\" data-id=\"422f69d\" data-element_type=\"container\">\n\t\t\t\t\t<div class=\"e-con-inner\">\n\t\t\t\t<div class=\"elementor-element elementor-element-6a051c5 elementor-widget elementor-widget-heading\" data-id=\"6a051c5\" data-element_type=\"widget\" data-widget_type=\"heading.default\">\n\t\t\t\t<div class=\"elementor-widget-container\">\n\t\t\t<h2 class=\"elementor-heading-title elementor-size-default\">Ihre Auswahl<\/h2>\t\t<\/div>\n\t\t\t\t<\/div>\n\t\t\t\t<div class=\"elementor-element elementor-element-d07b0ff elementor-widget elementor-widget-text-editor\" data-id=\"d07b0ff\" data-element_type=\"widget\" data-widget_type=\"text-editor.default\">\n\t\t\t\t<div class=\"elementor-widget-container\">\n\t\t\t\t\t\t\t<p><a href=\"https:\/\/expert.edschats.varion.de\/?page_id=8\">Mobil<\/a> &#8211; <a href=\"https:\/\/expert.edschats.varion.de\/?page_id=58\">Stra\u00dfenfahrzeuge<\/a> &#8211; <a href=\"https:\/\/expert.edschats.varion.de\/?page_id=58\">Hauptmarkt<\/a> &#8211; <a href=\"https:\/\/expert.edschats.varion.de\/?page_id=63\">Strecke<\/a> &#8211; <a href=\"https:\/\/expert.edschats.varion.de\/?page_id=68\">St\u00fcckgut<\/a> &#8211; <a href=\"https:\/\/expert.edschats.varion.de\/?page_id=75\">sperriges St\u00fcckgut<\/a><\/p>\t\t\t\t\t\t<\/div>\n\t\t\t\t<\/div>\n\t\t\t\t\t<\/div>\n\t\t\t\t<\/div>\n\t\t\t\t<\/div>\n\t\t","protected":false},"excerpt":{"rendered":"<p>Das Ergebnis Ihrer Auswahl: Planenverdecksystem Schiebeb\u00fcgel SB-Profi F\u00fcr Fahrzeuge ohne Aufbau aber mit PlanenabdeckungMit der Einf\u00fchrung von Spannratschen und universellen Spanngurten konnte bei bestimmten G\u00fctern auf Bordw\u00e4nde verzichtet werden. Zum Schutz vor Witterungseinfl\u00fcssen wurde eine Wurfplane umlaufend am Rahmen verzurrt. Lange bekannte Planentragstrukturen aus Rohrb\u00fcgeln dienten als Grundlage f\u00fcr die Entwicklung eines flexiblen Schiebeb\u00fcgelaufbaus, der [&hellip;]<\/p>\n","protected":false},"author":1,"featured_media":0,"parent":0,"menu_order":0,"comment_status":"closed","ping_status":"closed","template":"","meta":{"footnotes":""},"class_list":["post-99","page","type-page","status-publish","hentry"],"_links":{"self":[{"href":"https:\/\/expert.edschats.varion.de\/index.php?rest_route=\/wp\/v2\/pages\/99","targetHints":{"allow":["GET"]}}],"collection":[{"href":"https:\/\/expert.edschats.varion.de\/index.php?rest_route=\/wp\/v2\/pages"}],"about":[{"href":"https:\/\/expert.edschats.varion.de\/index.php?rest_route=\/wp\/v2\/types\/page"}],"author":[{"embeddable":true,"href":"https:\/\/expert.edschats.varion.de\/index.php?rest_route=\/wp\/v2\/users\/1"}],"replies":[{"embeddable":true,"href":"https:\/\/expert.edschats.varion.de\/index.php?rest_route=%2Fwp%2Fv2%2Fcomments&post=99"}],"version-history":[{"count":20,"href":"https:\/\/expert.edschats.varion.de\/index.php?rest_route=\/wp\/v2\/pages\/99\/revisions"}],"predecessor-version":[{"id":1059,"href":"https:\/\/expert.edschats.varion.de\/index.php?rest_route=\/wp\/v2\/pages\/99\/revisions\/1059"}],"wp:attachment":[{"href":"https:\/\/expert.edschats.varion.de\/index.php?rest_route=%2Fwp%2Fv2%2Fmedia&parent=99"}],"curies":[{"name":"wp","href":"https:\/\/api.w.org\/{rel}","templated":true}]}}